{"id":9058,"date":"2020-04-14T16:07:10","date_gmt":"2020-04-14T20:07:10","guid":{"rendered":"https:\/\/cintl.org\/actualites\/evenements\/bike-a-thon\/"},"modified":"2021-03-31T16:21:52","modified_gmt":"2021-03-31T20:21:52","slug":"bike-a-thon","status":"publish","type":"page","link":"https:\/\/cintl.org\/fr\/actualites\/evenements\/bike-a-thon\/","title":{"rendered":"P\u00e9daler pour combattre la COVID-19"},"content":{"rendered":"<div class=\"wpb-content-wrapper\"><p>[vc_row][vc_column width=\u00a0\u00bb1\/4&Prime;][vc_column_text]<\/p>\n<h2><strong>1-6 juin 2020<\/strong><\/h2>\n<p><strong>La 17<sup>e<\/sup> \u00e9dition annuelle de la randonn\u00e9e \u00e0 v\u00e9lo du Partenariat Afrique Canada 2021<\/strong><\/p>\n<div id=\"u_0_j\" class=\"_li\">\n<div id=\"globalContainer\" class=\"uiContextualLayerParent\">\n<div id=\"content\" class=\"fb_content clearfix \" data-referrer=\"content\">\n<div id=\"u_jsonp_8_3\" class=\"_5ku0\">\n<div class=\"_3-8x clearfix _ikh\">\n<div id=\"js_f6\" class=\"_5tdr _4bl7\" role=\"main\">\n<div id=\"u_1e_0\" class=\"_4-u2 mbm _4mrt _5jmm _5pat _5v3q _7cqq _4-u8\" role=\"article\" aria-describedby=\"js_gs js_gt\" aria-labelledby=\"js_gr\" data-ftr=\"1\" data-fte=\"1\">\n<div id=\"u_1e_2\" class=\"_3ccb\" data-gt=\"{&quot;type&quot;:&quot;click2canvas&quot;,&quot;fbsource&quot;:703,&quot;ref&quot;:&quot;nf_generic&quot;}\" data-ft=\"{&quot;tn&quot;:&quot;-R&quot;}\">\n<div class=\"_5pcr userContentWrapper\" data-ft=\"{&quot;tn&quot;:&quot;-R&quot;}\">\n<div class=\"_1dwg _1w_m _q7o\" data-vc-ignore-dynamic=\"1\">\n<div id=\"js_gt\" class=\"_5pbx userContent _3576\" data-testid=\"post_message\" data-ft=\"{&quot;tn&quot;:&quot;K&quot;}\">\n<div id=\"id_5e9611b1678e80f17226972\" class=\"text_exposed_root text_exposed\">\n<p>&nbsp;<\/p>\n<\/div>\n<\/div>\n<\/div>\n<\/div>\n<\/div>\n<\/div>\n<\/div>\n<\/div>\n<\/div>\n<\/div>\n<\/div>\n<\/div>\n<p>[\/vc_column_text][vc_column_text]Rouler \u00e0 bicyclette pour soutenir les droits des femmes et des filles![\/vc_column_text][vc_single_image image=\u00a0\u00bb8272&Prime; img_size=\u00a0\u00bbfull\u00a0\u00bb onclick=\u00a0\u00bbcustom_link\u00a0\u00bb img_link_target=\u00a0\u00bb_blank\u00a0\u00bb link=\u00a0\u00bbhttp:\/\/cintl.org\/donate\u00a0\u00bb][\/vc_column][vc_column width=\u00a0\u00bb3\/4&Prime;][vc_column_text]Depuis que la pand\u00e9mie a fait l&rsquo;actualit\u00e9 mondiale, Carrefour International a collect\u00e9 des fonds sans restriction pour une r\u00e9ponse d&rsquo;urgence de la COVID-19 en faveur des femmes et des filles en Afrique subsaharienne qui sont devenues encore plus vuln\u00e9rables aux probl\u00e8mes de base des moyens de subsistance, de la faim et de la s\u00e9curit\u00e9 pendant la crise de la COVID-19. C&rsquo;est pourquoi nous avons besoin de votre aide pour mettre fin \u00e0 la COVID-19.<\/p>\n<p>Carrefour participe une fois de plus \u00e0 la randonn\u00e9e \u00e0 v\u00e9lo du Partenariat Afrique Canada. J<strong>oignez-vous \u00e0 nous le\u00a06\u00a0juin pour la 17<sup>e<\/sup>\u00a0\u00e9dition annuelle de la randonn\u00e9e \u00e0 v\u00e9lo du Partenariat Afrique Canada. C\u2019est une activit\u00e9 de financement sous forme de randonn\u00e9e virtuelle dans le but d\u2019amasser des fonds et de sensibiliser au travail de Carrefour International, qui s\u2019efforce de faire progresser les droits des femmes et des filles en Afrique.<\/strong><\/p>\n<p>La 17e\u00a0\u00e9dition annuelle de la randonn\u00e9e \u00e0 v\u00e9lo du Partenariat Afrique Canada est un d\u00e9fi de\u00a015\u00a0kilom\u00e8tres pour collecter des fonds pour une bonne cause tout en \u00e9tant actif\u00b7ve et en pratiquant la distanciation sociale. Vous pouvez participer en p\u00e9dalant sur un v\u00e9lo d\u2019appartement, , ou bien vous pouvez p\u00e9daler dans votre voisinage en v\u00e9lo, en marchant, en courant ou en roulant (patin \u00e0 roues align\u00e9es)!<\/p>\n<p><strong>Il s\u2019agit de bien plus qu\u2019une sortie en v\u00e9lo, cet \u00e9v\u00e9nement est aussi l\u2019occasion de nous r\u00e9unir virtuellement<\/strong>\u00a0pour aider Carrefour International \u00e0 combattre la COVID-19 avec nos partenaires locaux en Afrique.<\/p>\n<p>En participant ou en parrainant un\u00b7e participant\u00b7e, vous pouvez continuer \u00e0 faire avancer notre travail. Votre contribution n&rsquo;a jamais \u00e9t\u00e9 aussi importante. Les difficult\u00e9s \u00e9conomiques caus\u00e9es par la COVID-19 ont expos\u00e9 les femmes et les filles \u00e0 une augmentation de la violence et de l\u2019exploitation bas\u00e9es sur le genre \u00e0 l\u2019int\u00e9rieur et \u00e0 l\u2019ext\u00e9rieur de leurs maisons.<\/p>\n<p><strong>Inscrivez-vous pour collecter des fonds et p\u00e9daler, marcher, courir ou rouler pour les droits des femmes et des filles avec nous tout en participant \u00e0 une randonn\u00e9e virtuelle<\/strong> nous permettant de nous connecter avec des participant\u00b7e\u00b7s du monde entier.[\/vc_column_text][vc_btn title=\u00a0\u00bbFAITES UN DON\u00a0\u00bb style=\u00a0\u00bbflat\u00a0\u00bb color=\u00a0\u00bbinfo\u00a0\u00bb size=\u00a0\u00bblg\u00a0\u00bb align=\u00a0\u00bbcenter\u00a0\u00bb link=\u00a0\u00bburl:https%3A%2F%2Fsecure.e2rm.com%2Fp2p%2Fdonate%2F353525%2Fteam%2F939873%2Ffr-CA|title:FAITES%20UN%20DON|target:%20_blank|\u00a0\u00bb][vc_btn title=\u00a0\u00bbINSCRIVEZ-VOUS D\u00c8S MAINTENANT\u00a0\u00bb style=\u00a0\u00bbflat\u00a0\u00bb color=\u00a0\u00bbinfo\u00a0\u00bb size=\u00a0\u00bblg\u00a0\u00bb align=\u00a0\u00bbcenter\u00a0\u00bb link=\u00a0\u00bburl:https%3A%2F%2Fsecure.e2rm.com%2Fp2p%2Ffundraising%2F353525%2Fteam%2F939873%2Ffr-CA|title:INSCRIVEZ-VOUS%20D%C3%88S%20MAINTENANT|target:%20_blank|\u00a0\u00bb][vc_column_text]Lorsque vous vous inscrivez, vous avez la possibilit\u00e9 de rejoindre l\u2019\u00e9quipe Carrefour ou de former votre propre \u00e9quipe pour soutenir l\u2019\u00e9quipe Carrefour! Si vous connaissez 2 personnes ou plus qui aimeraient vous rejoindre lors de cette randonn\u00e9e virtuelle, nous vous encourageons \u00e0 former votre propre \u00e9quipe!<\/p>\n<p>Avec votre soutien, nous esp\u00e9rons collecter 25 000 $ \u00e0 v\u00e9lo v\u00e9los pour atteindre un objectif de 250 000 $ pour soutenir les partenaires locaux confront\u00e9s \u00e0 cette pand\u00e9mie mondiale.<\/p>\n<p>Vous voulez\u00a0lever des fonds pour l\u2019\u00e9quipe Carrefour mais vous ne savez pas comment faire? Voici\u00a0<a href=\"https:\/\/cintl.org\/wp-content\/uploads\/2020\/05\/Comment-collecter-des-fonds-en-ligne-%C3%89tapes.pdf\">quelques conseils<\/a>\u00a0pour\u00a0apprendre comment collecter 250 $, 500 $ ou\u00a01 000 $ ansi qu\u2019une\u00a0<a href=\"https:\/\/cintl.org\/wp-content\/uploads\/2020\/05\/Fundraising-Donor_Checklist_FR.pdf\">liste de donat\u00b7eur\u00b7rice\u00b7s potentiel\u00b7le\u00b7s<\/a> dans votre r\u00e9seau.<\/p>\n<p>L&rsquo;argent collect\u00e9 sera utilis\u00e9 pour investir dans des organisations partenaires locales dans 7 pays africains o\u00f9 nous op\u00e9rons et aidera \u00e0 adapter les programmes existants pour fournir des services essentiels et r\u00e9pondre aux besoins urgents provoqu\u00e9s par la pand\u00e9mie. Cela comprend la fourniture de services de sensibilisation et de conseil aux survivants de violences bas\u00e9es sur le genre, du trafic sexuel et des ressources de base telles que la nourriture, les d\u00e9sinfectants, les masques et les produits de nettoyage. Les fonds seront \u00e9galement utilis\u00e9s pour renforcer la r\u00e9silience \u00e0 long terme des syst\u00e8mes alimentaires et des moyens de subsistance des femmes des communaut\u00e9s rurales et marginalis\u00e9es.<\/p>\n<p><strong>Joignez-vous \u00e0 ce mouvement virtuel et mettez-vous au d\u00e9fi! Ensemble, nous pouvons combattre la COVID-19<\/strong>[\/vc_column_text][vc_btn title=\u00a0\u00bbCLIQUEZ ICI POUR EN SAVOIR PLUS\u00a0\u00bb style=\u00a0\u00bbflat\u00a0\u00bb color=\u00a0\u00bbinfo\u00a0\u00bb size=\u00a0\u00bblg\u00a0\u00bb align=\u00a0\u00bbcenter\u00a0\u00bb link=\u00a0\u00bburl:https%3A%2F%2Fcanadaafricapartnershipride.ca%2F||target:%20_blank|\u00a0\u00bb][\/vc_column][\/vc_row]<\/p>\n<\/div>","protected":false},"excerpt":{"rendered":"<p>[vc_row][vc_column width=\u00a0\u00bb1\/4&Prime;][vc_column_text] 1-6 juin 2020 La 17e \u00e9dition annuelle de la randonn\u00e9e \u00e0 v\u00e9lo du Partenariat Afrique Canada 2021 &nbsp; <\/p>\n<p><a class=\"btn btn-secondary understrap-read-more-link\" href=\"https:\/\/cintl.org\/fr\/actualites\/evenements\/bike-a-thon\/\">Lire la suite<\/a><\/p>\n","protected":false},"author":43,"featured_media":0,"parent":2041,"menu_order":0,"comment_status":"closed","ping_status":"closed","template":"","meta":{"_acf_changed":false,"footnotes":""},"acf":[],"yoast_head":"<!-- This site is optimized with the Yoast SEO plugin v14.9 - https:\/\/yoast.com\/wordpress\/plugins\/seo\/ -->\n<title>P\u00e9daler pour combattre la COVID-19 - Carrefour International<\/title>\n<meta name=\"robots\" content=\"index, follow, max-snippet:-1, max-image-preview:large, max-video-preview:-1\" \/>\n<link rel=\"canonical\" href=\"https:\/\/cintl.org\/fr\/actualites\/evenements\/bike-a-thon\/\" \/>\n<meta property=\"og:locale\" content=\"fr_FR\" \/>\n<meta property=\"og:type\" content=\"article\" \/>\n<meta property=\"og:title\" content=\"P\u00e9daler pour combattre la COVID-19 - Carrefour International\" \/>\n<meta property=\"og:description\" content=\"[vc_row][vc_column width=\u00a0\u00bb1\/4&Prime;][vc_column_text] 1-6 juin 2020 La 17e \u00e9dition annuelle de la randonn\u00e9e \u00e0 v\u00e9lo du Partenariat Afrique Canada 2021 &nbsp; Lire la suite\" \/>\n<meta property=\"og:url\" content=\"https:\/\/cintl.org\/fr\/actualites\/evenements\/bike-a-thon\/\" \/>\n<meta property=\"og:site_name\" content=\"Carrefour International\" \/>\n<meta property=\"article:modified_time\" content=\"2021-03-31T20:21:52+00:00\" \/>\n<meta name=\"twitter:card\" content=\"summary\" \/>\n<meta name=\"twitter:creator\" content=\"@crossroadsintl\" \/>\n<meta name=\"twitter:site\" content=\"@crossroadsintl\" \/>\n<script type=\"application\/ld+json\" class=\"yoast-schema-graph\">{\"@context\":\"https:\/\/schema.org\",\"@graph\":[{\"@type\":\"Organization\",\"@id\":\"https:\/\/cintl.org\/fr\/#organization\",\"name\":\"Carrefour International\",\"url\":\"https:\/\/cintl.org\/fr\/\",\"sameAs\":[\"https:\/\/twitter.com\/crossroadsintl\"],\"logo\":{\"@type\":\"ImageObject\",\"@id\":\"https:\/\/cintl.org\/fr\/#logo\",\"inLanguage\":\"fr-FR\",\"url\":\"https:\/\/cintl.org\/wp-content\/uploads\/2017\/11\/logo-symbol.png\",\"width\":90,\"height\":89,\"caption\":\"Carrefour International\"},\"image\":{\"@id\":\"https:\/\/cintl.org\/fr\/#logo\"}},{\"@type\":\"WebSite\",\"@id\":\"https:\/\/cintl.org\/fr\/#website\",\"url\":\"https:\/\/cintl.org\/fr\/\",\"name\":\"Carrefour International\",\"description\":\"Just another WordPress site\",\"publisher\":{\"@id\":\"https:\/\/cintl.org\/fr\/#organization\"},\"potentialAction\":[{\"@type\":\"SearchAction\",\"target\":\"https:\/\/cintl.org\/fr\/?s={search_term_string}\",\"query-input\":\"required name=search_term_string\"}],\"inLanguage\":\"fr-FR\"},{\"@type\":\"WebPage\",\"@id\":\"https:\/\/cintl.org\/fr\/actualites\/evenements\/bike-a-thon\/#webpage\",\"url\":\"https:\/\/cintl.org\/fr\/actualites\/evenements\/bike-a-thon\/\",\"name\":\"P\\u00e9daler pour combattre la COVID-19 - Carrefour International\",\"isPartOf\":{\"@id\":\"https:\/\/cintl.org\/fr\/#website\"},\"datePublished\":\"2020-04-14T20:07:10+00:00\",\"dateModified\":\"2021-03-31T20:21:52+00:00\",\"inLanguage\":\"fr-FR\",\"potentialAction\":[{\"@type\":\"ReadAction\",\"target\":[\"https:\/\/cintl.org\/fr\/actualites\/evenements\/bike-a-thon\/\"]}]}]}<\/script>\n<!-- \/ Yoast SEO plugin. -->","_links":{"self":[{"href":"https:\/\/cintl.org\/fr\/wp-json\/wp\/v2\/pages\/9058"}],"collection":[{"href":"https:\/\/cintl.org\/fr\/wp-json\/wp\/v2\/pages"}],"about":[{"href":"https:\/\/cintl.org\/fr\/wp-json\/wp\/v2\/types\/page"}],"author":[{"embeddable":true,"href":"https:\/\/cintl.org\/fr\/wp-json\/wp\/v2\/users\/43"}],"replies":[{"embeddable":true,"href":"https:\/\/cintl.org\/fr\/wp-json\/wp\/v2\/comments?post=9058"}],"version-history":[{"count":25,"href":"https:\/\/cintl.org\/fr\/wp-json\/wp\/v2\/pages\/9058\/revisions"}],"predecessor-version":[{"id":11615,"href":"https:\/\/cintl.org\/fr\/wp-json\/wp\/v2\/pages\/9058\/revisions\/11615"}],"up":[{"embeddable":true,"href":"https:\/\/cintl.org\/fr\/wp-json\/wp\/v2\/pages\/2041"}],"wp:attachment":[{"href":"https:\/\/cintl.org\/fr\/wp-json\/wp\/v2\/media?parent=9058"}],"curies":[{"name":"wp","href":"https:\/\/api.w.org\/{rel}","templated":true}]}}