{"id":7014,"date":"2020-05-04T05:59:22","date_gmt":"2020-05-04T09:59:22","guid":{"rendered":"https:\/\/cintl.org\/?page_id=7014"},"modified":"2020-05-04T08:12:37","modified_gmt":"2020-05-04T12:12:37","slug":"fonds-de-dotation","status":"publish","type":"page","link":"https:\/\/cintl.org\/fr\/faites-un-don\/don-planifie\/fonds-de-dotation\/","title":{"rendered":"Fonds de dotation"},"content":{"rendered":"<div class=\"wpb-content-wrapper\"><p>[vc_row][vc_column][vc_column_text]<strong>Vous croyez fermement qu\u2019en travaillant ensemble sur un pied d\u2019\u00e9galit\u00e9, il est possible de soutenir cette g\u00e9n\u00e9ration et les suivantes afin de r\u00e9duire la pauvret\u00e9 et faire progresser les droits des femmes et des filles. Vous croyez que les femmes, les jeunes et les personnes d\u00e9munies dans les zones rurales ont le droit de faire entendre leur voix, de vivre \u00e0 l\u2019abri de la violence, de d\u00e9terminer leur propre avenir et d\u2019atteindre leur plein potentiel. Vous pouvez nous aider \u00e0 rendre tout cela possible. Vous pouvez agir pour le changement en faisant un don planifi\u00e9 \u00e0 Carrefour International.<\/strong><\/p>\n<p>&nbsp;<\/p>\n<h3>PAR O\u00d9 COMMENCER<\/h3>\n<p>Lorsqu\u2019un-e donateur-trice choisi de faire un legs au fonds de dotation de Carrefour, la totalit\u00e9 de son don est investi, assurant ainsi un revenu qui procure des r\u00e9sultats durables ann\u00e9e apr\u00e8s ann\u00e9e.<\/p>\n<p>Les fondateurs de Carrefour croyaient fermement au concept d\u2019UN SEUL MONDE, et cette vision continue de guider notre travail aujourd\u2019hui. Le fonds de dotations de Carrefour a \u00e9t\u00e9 cr\u00e9\u00e9 gr\u00e2ce au don pr\u00e9curseur de Robert Hartog, membre fondateur et premier pr\u00e9sident du conseil de Carrefour.<\/p>\n<p>La le\u00e7on \u00e0 tirer des fondateurs est l\u2019obligation de mener \u00e0 bien le travail de l\u2019organisation, afin de ne pas r\u00e9p\u00e9ter aveuglement ce qui avait \u00e9t\u00e9 fait avant eux. Ils ont d\u00e9velopp\u00e9 des solutions nouvelles pour r\u00e9pondre \u00e0 ces d\u00e9fis et ont pris des initiatives audacieuses, avec courage et cr\u00e9ativit\u00e9. Aujourd\u2019hui, le fonds permet de r\u00e9aliser un travail novateur afin de r\u00e9duire la pauvret\u00e9 et de faire progresser les droits des femmes et des filles.<\/p>\n<p>Votre don permettra \u00e0 Carrefour International de continuer \u00e0 d\u00e9velopper une approche innovante et de qualit\u00e9 aupr\u00e8s de certaines des communaut\u00e9s les plus vuln\u00e9rables dans le monde. Les femmes, les jeunes et les personnes d\u00e9munies dans les zones rurales sont souvent laiss\u00e9s en marge de l\u2019\u00e9conomie et exclus des prises de d\u00e9cisions qui touchent leur vie. Avec nos partenaires locaux, nous leur donnerons les moyens d\u2019agir. Ensemble, nous allons cr\u00e9er des emplois d\u00e9cents afin de permettre aux femmes de devenir des leaders et de vivre \u00e0 l\u2019abri de la violence.<\/p>\n<p>Carrefour International offre \u00e9galement \u00e0 ses donateurs la possibilit\u00e9 de cr\u00e9er un fonds de dotation nomm\u00e9. Pour un legs de 100 000 $ ou plus, il est possible de nommer un fonds en votre nom, au nom de votre famille ou afin d\u2019honorer un individu de votre choix. Un rapport de performance du fonds de dotation nomm\u00e9 est envoy\u00e9 annuellement au donateur (ou aux familles). Carrefour International vous recommande fortement de demander des conseils juridiques \u00e0 un professionnel pour vous assurer de bien prendre en compte vos objectifs financiers, d\u2019effectuer un examen ad\u00e9quat de votre situation fiscale et de faire en sorte que votre don planifi\u00e9 soit adapt\u00e9 \u00e0 votre situation.<\/p>\n<p>&nbsp;<\/p>\n<h3>AVANTAGES POUR VOUS<\/h3>\n<ul>\n<li><strong>VISION POUR L\u2019AVENIR: <\/strong>Un don au fonds de dotation vous permet d\u2019exprimer votre vision pour l\u2019avenir de la mission de Carrefour International.<\/li>\n<li><strong>GESTION:\u00a0<\/strong>Carrefour g\u00e8re les fonds de dotation avec prudence. Le comit\u00e9 des finances revoit r\u00e9guli\u00e8rement les rapports de dotation pr\u00e9par\u00e9s et pr\u00e9sent\u00e9s par la firme d\u2019investissement de Carrefour International, Genus Capital Management.<\/li>\n<li><strong>PLANIFICATION ET AVANTAGES FISCAUX:\u00a0<\/strong>Vous ou votre succession recevrez un re\u00e7u officiel pour activit\u00e9s de bienfaisance au montant total de votre don. Votre succession utilisera ce re\u00e7u pour r\u00e9duire l\u2019imp\u00f4t \u00e0 payer sur votre derni\u00e8re d\u00e9claration de revenus. Si le montant de votre don est sup\u00e9rieur \u00e0 votre revenu net pour l\u2019ann\u00e9e de votre d\u00e9c\u00e8s, l\u2019exc\u00e9dent sera report\u00e9 \u00e0 l\u2019ann\u00e9e de d\u00e9claration pr\u00e9c\u00e9dente ou suivante dans le cadre d\u2019une succession assujettie \u00e0 l\u2019imposition \u00e0 taux progressifs.<\/li>\n<\/ul>\n<p>&nbsp;<\/p>\n<h3><\/h3>\n<h3>PROPOSITION DE LIBELL\u00c9<\/h3>\n<p>Si vous cr\u00e9ez un fonds de dotation nomm\u00e9, nous vous conseillons de partager cette proposition de libell\u00e9 avec votre avocat ou votre planificateur financier :<\/p>\n<p>Je donne \u00e0 Carrefour Canadien International <em>(MONTANT)<\/em> pour la cr\u00e9ation d\u2019un fonds de dotation nomm\u00e9. Le montant initial du fonds pourra \u00eatre investi dans les actifs de Carrefour, mais il devra \u00eatre identifi\u00e9 dans les dossiers de Carrefour comme <em>(nom du fonds de dotation nomm\u00e9)<\/em>. Les revenus annuels, apr\u00e8s avoir soustrait les frais d\u2019administration engendr\u00e9s par le fonds de dotation, devraient \u00eatre utilis\u00e9s pour <em>(indiquer le but du fonds)<\/em>.<\/p>\n<p>&nbsp;<br \/>\n<a href=\"https:\/\/cintl.org\/wp-content\/uploads\/2020\/05\/One-World-Legacy-Circle_ENDOWMENT-GIFT_FR_April_20.pdf\" target=\"_blank\" rel=\"noopener noreferrer\">T\u00e9l\u00e9chargez ces informations \u00e0 titre de ressource<\/a> ou\u00a0contactez Wanjiro Ndungu, notre Gestionnaire en philanthropie, \u00e0 <a href=\"mailto:wanjiro@cintl.org\">wanjiro@cintl.org<\/a> ou au 416 967-1611 pour plus d\u2019informations.[\/vc_column_text][\/vc_column][\/vc_row]<\/p>\n<\/div>","protected":false},"excerpt":{"rendered":"<p>[vc_row][vc_column][vc_column_text]Vous croyez fermement qu\u2019en travaillant ensemble sur un pied d\u2019\u00e9galit\u00e9, il est possible de soutenir cette g\u00e9n\u00e9ration et les suivantes <\/p>\n<p><a class=\"btn btn-secondary understrap-read-more-link\" href=\"https:\/\/cintl.org\/fr\/faites-un-don\/don-planifie\/fonds-de-dotation\/\">Lire la suite<\/a><\/p>\n","protected":false},"author":1,"featured_media":0,"parent":2367,"menu_order":0,"comment_status":"closed","ping_status":"closed","template":"","meta":{"_acf_changed":false,"footnotes":""},"acf":[],"yoast_head":"<!-- This site is optimized with the Yoast SEO plugin v14.9 - https:\/\/yoast.com\/wordpress\/plugins\/seo\/ -->\n<title>Fonds de dotation - Carrefour International<\/title>\n<meta name=\"description\" content=\"Lorsqu\u2019un donateur choisi de faire un legs au fonds de dotation de Carrefour, la totalit\u00e9 de son don est investi, assure un revenu durable ann\u00e9e apr\u00e8s ann\u00e9e.\" \/>\n<meta name=\"robots\" content=\"index, follow, max-snippet:-1, max-image-preview:large, max-video-preview:-1\" \/>\n<link rel=\"canonical\" href=\"https:\/\/cintl.org\/fr\/faites-un-don\/don-planifie\/fonds-de-dotation\/\" \/>\n<meta property=\"og:locale\" content=\"fr_FR\" \/>\n<meta property=\"og:type\" content=\"article\" \/>\n<meta property=\"og:title\" content=\"Fonds de dotation - Carrefour International\" \/>\n<meta property=\"og:description\" content=\"Lorsqu\u2019un donateur choisi de faire un legs au fonds de dotation de Carrefour, la totalit\u00e9 de son don est investi, assure un revenu durable ann\u00e9e apr\u00e8s ann\u00e9e.\" \/>\n<meta property=\"og:url\" content=\"https:\/\/cintl.org\/fr\/faites-un-don\/don-planifie\/fonds-de-dotation\/\" \/>\n<meta property=\"og:site_name\" content=\"Carrefour International\" \/>\n<meta property=\"article:modified_time\" content=\"2020-05-04T12:12:37+00:00\" \/>\n<meta name=\"twitter:card\" content=\"summary\" \/>\n<meta name=\"twitter:creator\" content=\"@crossroadsintl\" \/>\n<meta name=\"twitter:site\" content=\"@crossroadsintl\" \/>\n<script type=\"application\/ld+json\" class=\"yoast-schema-graph\">{\"@context\":\"https:\/\/schema.org\",\"@graph\":[{\"@type\":\"Organization\",\"@id\":\"https:\/\/cintl.org\/fr\/#organization\",\"name\":\"Carrefour International\",\"url\":\"https:\/\/cintl.org\/fr\/\",\"sameAs\":[\"https:\/\/twitter.com\/crossroadsintl\"],\"logo\":{\"@type\":\"ImageObject\",\"@id\":\"https:\/\/cintl.org\/fr\/#logo\",\"inLanguage\":\"fr-FR\",\"url\":\"https:\/\/cintl.org\/wp-content\/uploads\/2017\/11\/logo-symbol.png\",\"width\":90,\"height\":89,\"caption\":\"Carrefour International\"},\"image\":{\"@id\":\"https:\/\/cintl.org\/fr\/#logo\"}},{\"@type\":\"WebSite\",\"@id\":\"https:\/\/cintl.org\/fr\/#website\",\"url\":\"https:\/\/cintl.org\/fr\/\",\"name\":\"Carrefour International\",\"description\":\"Just another WordPress site\",\"publisher\":{\"@id\":\"https:\/\/cintl.org\/fr\/#organization\"},\"potentialAction\":[{\"@type\":\"SearchAction\",\"target\":\"https:\/\/cintl.org\/fr\/?s={search_term_string}\",\"query-input\":\"required name=search_term_string\"}],\"inLanguage\":\"fr-FR\"},{\"@type\":\"WebPage\",\"@id\":\"https:\/\/cintl.org\/fr\/faites-un-don\/don-planifie\/fonds-de-dotation\/#webpage\",\"url\":\"https:\/\/cintl.org\/fr\/faites-un-don\/don-planifie\/fonds-de-dotation\/\",\"name\":\"Fonds de dotation - Carrefour International\",\"isPartOf\":{\"@id\":\"https:\/\/cintl.org\/fr\/#website\"},\"datePublished\":\"2020-05-04T09:59:22+00:00\",\"dateModified\":\"2020-05-04T12:12:37+00:00\",\"description\":\"Lorsqu\\u2019un donateur choisi de faire un legs au fonds de dotation de Carrefour, la totalit\\u00e9 de son don est investi, assure un revenu durable ann\\u00e9e apr\\u00e8s ann\\u00e9e.\",\"inLanguage\":\"fr-FR\",\"potentialAction\":[{\"@type\":\"ReadAction\",\"target\":[\"https:\/\/cintl.org\/fr\/faites-un-don\/don-planifie\/fonds-de-dotation\/\"]}]}]}<\/script>\n<!-- \/ Yoast SEO plugin. -->","_links":{"self":[{"href":"https:\/\/cintl.org\/fr\/wp-json\/wp\/v2\/pages\/7014"}],"collection":[{"href":"https:\/\/cintl.org\/fr\/wp-json\/wp\/v2\/pages"}],"about":[{"href":"https:\/\/cintl.org\/fr\/wp-json\/wp\/v2\/types\/page"}],"author":[{"embeddable":true,"href":"https:\/\/cintl.org\/fr\/wp-json\/wp\/v2\/users\/1"}],"replies":[{"embeddable":true,"href":"https:\/\/cintl.org\/fr\/wp-json\/wp\/v2\/comments?post=7014"}],"version-history":[{"count":4,"href":"https:\/\/cintl.org\/fr\/wp-json\/wp\/v2\/pages\/7014\/revisions"}],"predecessor-version":[{"id":9207,"href":"https:\/\/cintl.org\/fr\/wp-json\/wp\/v2\/pages\/7014\/revisions\/9207"}],"up":[{"embeddable":true,"href":"https:\/\/cintl.org\/fr\/wp-json\/wp\/v2\/pages\/2367"}],"wp:attachment":[{"href":"https:\/\/cintl.org\/fr\/wp-json\/wp\/v2\/media?parent=7014"}],"curies":[{"name":"wp","href":"https:\/\/api.w.org\/{rel}","templated":true}]}}