{"id":2134,"date":"2018-06-08T12:11:05","date_gmt":"2018-06-08T16:11:05","guid":{"rendered":"http:\/\/cin-01.eproofs.ca\/?page_id=2134"},"modified":"2020-05-04T08:13:47","modified_gmt":"2020-05-04T12:13:47","slug":"don-dactions-et-de-valeurs-mobilieres","status":"publish","type":"page","link":"https:\/\/cintl.org\/fr\/faites-un-don\/don-dactions-et-de-valeurs-mobilieres\/","title":{"rendered":"Don d\u2019actions et de valeurs mobili\u00e8res"},"content":{"rendered":"<div class=\"wpb-content-wrapper\"><p>[vc_row][vc_column][vc_column_text]<strong>Vous estimez que toutes les femmes et les filles m\u00e9ritent qu\u2019on respecte leurs droits fondamentaux et qu\u2019on leur donne la possibilit\u00e9 de mener une vie sans violence ni maltraitance. Vous estimez \u00e9galement que les jeunes des pays en d\u00e9veloppement devraient avoir un meilleur acc\u00e8s \u00e0 des avenues de d\u00e9veloppement \u00e9conomique et \u00e0 des moyens de renforcement des capacit\u00e9s et du leadership. Vous pouvez nous aider \u00e0 faire en sorte que cela soit possible. Vous pouvez \u00eatre en acteur du changement en faisant un don planifi\u00e9 \u00e0 Carrefour International.<\/strong><\/p>\n<p>&nbsp;<\/p>\n<h3>Comment commencer<\/h3>\n<p>Si vous d\u00e9tenez des actions ou des fonds communs de placement dont la valeur a augment\u00e9, vous devrez possiblement payer un montant en imp\u00f4t sur les b\u00e9n\u00e9fices lorsque vous les vendrez. En les transf\u00e9rant directement \u00e0 Carrefour International, vous \u00e9liminerez votre facture fiscale et recevrez un re\u00e7u officiel pour activit\u00e9s de bienfaisance, tout en faisant un don majeur du m\u00eame coup. Cette option est int\u00e9ressante si vous avez des placements dont la valeur a augment\u00e9 et que vous voulez faire un don avec des \u00e9conomies plut\u00f4t que de l\u2019encaisse.<\/p>\n<p>Votre don ne sera pas admissible \u00e0 l\u2019exemption d\u2019imp\u00f4t sur les gains en capital si vous vendez vos actions d\u2019abord, et qu\u2019ensuite seulement vous remettez l\u2019argent sous forme de don \u00e0 un organisme de bienfaisance. Pour \u00eatre admissible \u00e0 l\u2019exemption, le don doit \u00eatre fait \u00ab en nature \u00bb, ce qui signifie que les actions doivent \u00eatre directement transf\u00e9r\u00e9es dans le compte de courtage de Carrefour International. Un re\u00e7u sera remis pour la juste valeur marchande de l\u2019action \u00e0 la date de transfert.<\/p>\n<p>Carrefour International vous recommande fortement de demander des <strong>conseils juridiques \u00e0 un professionnel<\/strong> pour vous assurer de bien prendre en compte vos objectifs financiers, d\u2019effectuer un examen ad\u00e9quat de votre situation fiscale et de faire en sorte que votre don planifi\u00e9 soit adapt\u00e9 \u00e0 votre situation.<\/p>\n<p>&nbsp;<\/p>\n<h3>Avantages du don d\u2019actions et de valeurs mobili\u00e8res<\/h3>\n<ul>\n<li><strong>Simplicit\u00e9 et commodit\u00e9<\/strong> : Les actions sont faciles \u00e0 transf\u00e9rer. Votre courtier transf\u00e9rera directement les actions de votre compte au compte de courtage de Carrefour International. La date \u00e0 laquelle votre don est fait sera la date \u00e0 laquelle les actions seront vers\u00e9es dans notre compte de courtage.<\/li>\n<li><strong>Avantages fiscaux<\/strong> : En donnant vos actions ou vos fonds communs de placement \u00e0 valeur accrue directement \u00e0 Carrefour International, vous serez admissible \u00e0 deux types d\u2019\u00e9conomie d\u2019imp\u00f4t : un cr\u00e9dit sous forme de re\u00e7u officiel pour activit\u00e9s de bienfaisance et l\u2019\u00e9limination des gains en capital exigibles associ\u00e9s \u00e0 la vente des actions.<\/li>\n<li><strong>Avantage fiscal suppl\u00e9mentaire<\/strong> : Le don d\u2019actions et de fonds communs de placement peut \u00e9galement \u00eatre fait par l\u2019interm\u00e9diaire d\u2019un testament. Il s\u2019agit d\u2019une excellente fa\u00e7on de r\u00e9duire l\u2019imp\u00f4t sur les gains en capital exigible pour l\u2019ann\u00e9e de votre d\u00e9c\u00e8s, ce qui diminuera consid\u00e9rablement l\u2019imp\u00f4t \u00e0 payer et augmentera possiblement l\u2019h\u00e9ritage remis \u00e0 vos proches.<br \/>\nR\u00e9duction des frais de courtage : De nombreux courtiers n\u2019exigent pas de frais pour les transactions li\u00e9es \u00e0 des dons. Informez-vous aupr\u00e8s de votre courtier.<\/li>\n<li><strong>Reconnaissance<\/strong> : Vous pouvez \u00eatre honor\u00e9 de votre vivant pour votre don.<\/li>\n<li><strong>Satisfaction<\/strong> : Vous faites un don pour des motifs personnels. Vous pouvez donner afin de perp\u00e9tuer votre m\u00e9moire, celle de votre famille ou celle d\u2019une personne que vous souhaitez honorer. \u00c9videmment, vous continuerez \u00e9galement de contribuer aux efforts qui permettent d\u2019am\u00e9liorer fondamentalement la vie des gens en r\u00e9duisant la pauvret\u00e9 et en faisant progresser les droits des femmes et des filles dans le monde entier.<\/li>\n<\/ul>\n<p>&nbsp;<br \/>\nT\u00e9l\u00e9chargez nos <a href=\"https:\/\/cintl.org\/wp-content\/uploads\/2018\/07\/Donate-Gifts-of-Stock-and-Securities-Lignes-directrices-sur-le-transfert-dactifs.pdf\">lignes directrices sur le transfert d\u2019actifs<\/a>. Pour obtenir de plus amples renseignements sur la fa\u00e7on dont votre don contribuera \u00e0 nous donner les moyens de r\u00e9soudre les probl\u00e8mes auxquels nous faisons face, veuillez contacter\u00a0Wanjiro Ndungu, notre Gestionnaire en philanthropie, \u00e0 <a href=\"mailto:wanjiro@cintl.org\">wanjiro@cintl.org<\/a> ou au 416 967-1611<\/p>\n<p>Carrefour International <a href=\"https:\/\/cintl.org\/wp-content\/uploads\/2018\/07\/Donate-Gifts-of-Stock-and-Securities-Lignes-directrices-sur-le-transfert-dactifs.pdf\">fournit un formulaire d\u2019intention<\/a> de don de valeurs mobili\u00e8res pour faciliter la transaction.[\/vc_column_text][\/vc_column][\/vc_row]<\/p>\n<\/div>","protected":false},"excerpt":{"rendered":"<p>[vc_row][vc_column][vc_column_text]Vous estimez que toutes les femmes et les filles m\u00e9ritent qu\u2019on respecte leurs droits fondamentaux et qu\u2019on leur donne la <\/p>\n<p><a class=\"btn btn-secondary understrap-read-more-link\" href=\"https:\/\/cintl.org\/fr\/faites-un-don\/don-dactions-et-de-valeurs-mobilieres\/\">Lire la suite<\/a><\/p>\n","protected":false},"author":1,"featured_media":0,"parent":2117,"menu_order":4,"comment_status":"closed","ping_status":"closed","template":"","meta":{"_acf_changed":false,"footnotes":""},"acf":[],"yoast_head":"<!-- This site is optimized with the Yoast SEO plugin v14.9 - https:\/\/yoast.com\/wordpress\/plugins\/seo\/ -->\n<title>Don d\u2019actions et de valeurs mobili\u00e8res - Carrefour International<\/title>\n<meta name=\"description\" content=\"\u00c9liminez votre facture fiscale et recevez un re\u00e7u officiel pour activit\u00e9s de bienfaisance, tout en faisant un don majeur du m\u00eame coup.\" \/>\n<meta name=\"robots\" content=\"index, follow, max-snippet:-1, max-image-preview:large, max-video-preview:-1\" \/>\n<link rel=\"canonical\" href=\"https:\/\/cintl.org\/fr\/faites-un-don\/don-dactions-et-de-valeurs-mobilieres\/\" \/>\n<meta property=\"og:locale\" content=\"fr_FR\" \/>\n<meta property=\"og:type\" content=\"article\" \/>\n<meta property=\"og:title\" content=\"Don d\u2019actions et de valeurs mobili\u00e8res - Carrefour International\" \/>\n<meta property=\"og:description\" content=\"\u00c9liminez votre facture fiscale et recevez un re\u00e7u officiel pour activit\u00e9s de bienfaisance, tout en faisant un don majeur du m\u00eame coup.\" \/>\n<meta property=\"og:url\" content=\"https:\/\/cintl.org\/fr\/faites-un-don\/don-dactions-et-de-valeurs-mobilieres\/\" \/>\n<meta property=\"og:site_name\" content=\"Carrefour International\" \/>\n<meta property=\"article:modified_time\" content=\"2020-05-04T12:13:47+00:00\" \/>\n<meta name=\"twitter:card\" content=\"summary\" \/>\n<meta name=\"twitter:creator\" content=\"@crossroadsintl\" \/>\n<meta name=\"twitter:site\" content=\"@crossroadsintl\" \/>\n<script type=\"application\/ld+json\" class=\"yoast-schema-graph\">{\"@context\":\"https:\/\/schema.org\",\"@graph\":[{\"@type\":\"Organization\",\"@id\":\"https:\/\/cintl.org\/fr\/#organization\",\"name\":\"Carrefour International\",\"url\":\"https:\/\/cintl.org\/fr\/\",\"sameAs\":[\"https:\/\/twitter.com\/crossroadsintl\"],\"logo\":{\"@type\":\"ImageObject\",\"@id\":\"https:\/\/cintl.org\/fr\/#logo\",\"inLanguage\":\"fr-FR\",\"url\":\"https:\/\/cintl.org\/wp-content\/uploads\/2017\/11\/logo-symbol.png\",\"width\":90,\"height\":89,\"caption\":\"Carrefour International\"},\"image\":{\"@id\":\"https:\/\/cintl.org\/fr\/#logo\"}},{\"@type\":\"WebSite\",\"@id\":\"https:\/\/cintl.org\/fr\/#website\",\"url\":\"https:\/\/cintl.org\/fr\/\",\"name\":\"Carrefour International\",\"description\":\"Just another WordPress site\",\"publisher\":{\"@id\":\"https:\/\/cintl.org\/fr\/#organization\"},\"potentialAction\":[{\"@type\":\"SearchAction\",\"target\":\"https:\/\/cintl.org\/fr\/?s={search_term_string}\",\"query-input\":\"required name=search_term_string\"}],\"inLanguage\":\"fr-FR\"},{\"@type\":\"WebPage\",\"@id\":\"https:\/\/cintl.org\/fr\/faites-un-don\/don-dactions-et-de-valeurs-mobilieres\/#webpage\",\"url\":\"https:\/\/cintl.org\/fr\/faites-un-don\/don-dactions-et-de-valeurs-mobilieres\/\",\"name\":\"Don d\\u2019actions et de valeurs mobili\\u00e8res - Carrefour International\",\"isPartOf\":{\"@id\":\"https:\/\/cintl.org\/fr\/#website\"},\"datePublished\":\"2018-06-08T16:11:05+00:00\",\"dateModified\":\"2020-05-04T12:13:47+00:00\",\"description\":\"\\u00c9liminez votre facture fiscale et recevez un re\\u00e7u officiel pour activit\\u00e9s de bienfaisance, tout en faisant un don majeur du m\\u00eame coup.\",\"inLanguage\":\"fr-FR\",\"potentialAction\":[{\"@type\":\"ReadAction\",\"target\":[\"https:\/\/cintl.org\/fr\/faites-un-don\/don-dactions-et-de-valeurs-mobilieres\/\"]}]}]}<\/script>\n<!-- \/ Yoast SEO plugin. -->","_links":{"self":[{"href":"https:\/\/cintl.org\/fr\/wp-json\/wp\/v2\/pages\/2134"}],"collection":[{"href":"https:\/\/cintl.org\/fr\/wp-json\/wp\/v2\/pages"}],"about":[{"href":"https:\/\/cintl.org\/fr\/wp-json\/wp\/v2\/types\/page"}],"author":[{"embeddable":true,"href":"https:\/\/cintl.org\/fr\/wp-json\/wp\/v2\/users\/1"}],"replies":[{"embeddable":true,"href":"https:\/\/cintl.org\/fr\/wp-json\/wp\/v2\/comments?post=2134"}],"version-history":[{"count":15,"href":"https:\/\/cintl.org\/fr\/wp-json\/wp\/v2\/pages\/2134\/revisions"}],"predecessor-version":[{"id":9208,"href":"https:\/\/cintl.org\/fr\/wp-json\/wp\/v2\/pages\/2134\/revisions\/9208"}],"up":[{"embeddable":true,"href":"https:\/\/cintl.org\/fr\/wp-json\/wp\/v2\/pages\/2117"}],"wp:attachment":[{"href":"https:\/\/cintl.org\/fr\/wp-json\/wp\/v2\/media?parent=2134"}],"curies":[{"name":"wp","href":"https:\/\/api.w.org\/{rel}","templated":true}]}}