{"id":2132,"date":"2018-06-08T11:59:13","date_gmt":"2018-06-08T15:59:13","guid":{"rendered":"http:\/\/cin-01.eproofs.ca\/?page_id=2132"},"modified":"2020-05-04T07:42:35","modified_gmt":"2020-05-04T11:42:35","slug":"fiducies-residuaires-de-bienfaisance","status":"publish","type":"page","link":"https:\/\/cintl.org\/fr\/faites-un-don\/don-planifie\/fiducies-residuaires-de-bienfaisance\/","title":{"rendered":"Fiducies r\u00e9siduaires de bienfaisance"},"content":{"rendered":"<div class=\"wpb-content-wrapper\"><p>[vc_row][vc_column][vc_column_text]<strong>Vous estimez que toutes les femmes et les filles m\u00e9ritent qu\u2019on respecte leurs droits fondamentaux et qu\u2019on leur donne la possibilit\u00e9 de mener une vie sans violence ni maltraitance. Vous estimez \u00e9galement que les jeunes des pays en d\u00e9veloppement devraient avoir un meilleur acc\u00e8s \u00e0 des avenues de d\u00e9veloppement \u00e9conomique et \u00e0 des moyens de renforcement des capacit\u00e9s et du leadership. Vous pouvez nous aider \u00e0 faire en sorte que cela soit possible. Vous pouvez \u00eatre en acteur du changement en faisant un don planifi\u00e9 \u00e0 Carrefour International.<\/strong><\/p>\n<p>&nbsp;<\/p>\n<h3>Comment commencer<\/h3>\n<p>Une fiducie r\u00e9siduaire de bienfaisance est une fa\u00e7on de donner des actifs \u00e0 Carrefour International par l\u2019interm\u00e9diaire d\u2019un accord de fiducie. Ce type de don peut \u00eatre fait en confiant des obligations, des actions, des fonds communs de placement ou des biens immobiliers \u00e0 un fiduciaire qui en assure la gestion. Vous pourriez opter pour une fiducie r\u00e9siduaire de bienfaisance si vous poss\u00e9dez un actif que vous souhaitez nous donner \u00e0 une date ult\u00e9rieure, mais que vous avez besoin du revenu qu\u2019il g\u00e9n\u00e8re pour le moment ou ne voulez pas vous en d\u00e9partir imm\u00e9diatement.<\/p>\n<p>Vous recevrez un re\u00e7u officiel pour activit\u00e9s de bienfaisance correspondant \u00e0 la juste valeur marchande de l\u2019int\u00e9r\u00eat r\u00e9siduaire. Cette valeur est calcul\u00e9e par l\u2019Agence du revenu du Canada, qui tient compte de votre esp\u00e9rance de vie et de la valeur actuelle des actifs transf\u00e9r\u00e9s dans la fiducie. Point important \u00e0 ne pas oublier : le transfert des actifs dans la fiducie est irr\u00e9vocable, ce qui signifie qu\u2019il est impossible de retourner en arri\u00e8re une fois que le transfert a \u00e9t\u00e9 effectu\u00e9.<\/p>\n<p>Carrefour International vous recommande fortement de demander des <strong>conseils juridiques \u00e0 un professionnel<\/strong> pour vous assurer de bien prendre en compte vos objectifs financiers, d\u2019effectuer un examen ad\u00e9quat de votre situation fiscale et de faire en sorte que votre don planifi\u00e9 soit adapt\u00e9 \u00e0 votre situation.<\/p>\n<p>&nbsp;<\/p>\n<h3>Avantages d\u2019une fiducie r\u00e9siduaire de bienfaisance<\/h3>\n<ul>\n<li><strong>Avantages fiscaux<\/strong> : Un re\u00e7u pour don \u00e0 un organisme de bienfaisance sera remis au moment du transfert des actifs dans une fiducie dont Carrefour International est le principal b\u00e9n\u00e9ficiaire. La disposition quinquennale de report permet une planification fiscale efficace de votre vivant, plut\u00f4t que la disposition de report r\u00e9trospectif d\u2019un an \u00e0 votre d\u00e9c\u00e8s. Le gouvernement a autoris\u00e9 un traitement fiscal avantageux pour les gains en capital faisant l\u2019objet de ce type de don.<\/li>\n<li><strong>Revenu<\/strong> : Votre fiducie peut g\u00e9n\u00e9rer un revenu de votre vivant.<\/li>\n<li><strong>Respect de la vie priv\u00e9e<\/strong> : Votre choix de transf\u00e9rer vos actifs dans une fiducie reste confidentiel.<\/li>\n<li><strong>Aucune difficult\u00e9 li\u00e9e \u00e0 l\u2019ex\u00e9cution du testament<\/strong> : Les actifs fiduciaires ne font pas partie de votre succession.<br \/>\n\u00c9limination des frais d\u2019homologation et de succession : Votre don n\u2019est pas assujetti aux frais d\u2019homologation ni aux autres co\u00fbts li\u00e9s \u00e0 la succession.<\/li>\n<li><strong>Contr\u00f4le<\/strong> : Vos actifs demeurent dans la fiducie jusqu\u2019\u00e0 votre d\u00e9c\u00e8s. \u00c0 ce moment seulement, Carrefour International recevra les actifs r\u00e9siduaires.<\/li>\n<li><strong>Gestion sans tracas<\/strong> : Votre fiducie peut \u00eatre g\u00e9r\u00e9e par un professionnel, ce qui vous lib\u00e8re l\u2019esprit des soucis quotidiens li\u00e9s aux d\u00e9cisions en mati\u00e8re d\u2019investissement ou de march\u00e9s.<\/li>\n<li><strong>Reconnaissance<\/strong> : Vous pouvez \u00eatre honor\u00e9 de votre vivant pour votre don.<\/li>\n<li><strong>Satisfaction<\/strong> : Vous faites un don pour des motifs personnels. Vous pouvez donner afin de perp\u00e9tuer votre m\u00e9moire, celle de votre famille ou celle d\u2019une personne que vous souhaitez honorer. \u00c9videmment, vous continuerez \u00e9galement de contribuer aux efforts qui permettent d\u2019am\u00e9liorer fondamentalement la vie des gens en r\u00e9duisant la pauvret\u00e9 et en faisant progresser les droits des femmes et des filles dans le monde entier.<\/li>\n<\/ul>\n<p>&nbsp;<\/p>\n<p>Pour de plus amples renseignements sur les dons planifi\u00e9s, veuillez contacter Wanjiro Ndungu, notre Gestionnaire en philanthropie, \u00e0 <a href=\"mailto:wanjiro@cintl.org\">wanjiro@cintl.org<\/a> ou au 416 967-1611[\/vc_column_text][\/vc_column][\/vc_row]<\/p>\n<\/div>","protected":false},"excerpt":{"rendered":"<p>[vc_row][vc_column][vc_column_text]Vous estimez que toutes les femmes et les filles m\u00e9ritent qu\u2019on respecte leurs droits fondamentaux et qu\u2019on leur donne la <\/p>\n<p><a class=\"btn btn-secondary understrap-read-more-link\" href=\"https:\/\/cintl.org\/fr\/faites-un-don\/don-planifie\/fiducies-residuaires-de-bienfaisance\/\">Lire la suite<\/a><\/p>\n","protected":false},"author":1,"featured_media":0,"parent":2367,"menu_order":0,"comment_status":"closed","ping_status":"closed","template":"","meta":{"_acf_changed":false,"footnotes":""},"acf":[],"yoast_head":"<!-- This site is optimized with the Yoast SEO plugin v14.9 - https:\/\/yoast.com\/wordpress\/plugins\/seo\/ -->\n<title>Fiducies r\u00e9siduaires de bienfaisance - Carrefour International<\/title>\n<meta name=\"description\" content=\"Une fiducie r\u00e9siduelle de bienfaisance peut \u00eatre \u00e9tablie en apportant des obligations, des titres, des fonds communs de placement ou des biens immobiliers \u00e0 un fiduciaire qui les d\u00e9tient et les g\u00e8re.\" \/>\n<meta name=\"robots\" content=\"index, follow, max-snippet:-1, max-image-preview:large, max-video-preview:-1\" \/>\n<link rel=\"canonical\" href=\"https:\/\/cintl.org\/fr\/faites-un-don\/don-planifie\/fiducies-residuaires-de-bienfaisance\/\" \/>\n<meta property=\"og:locale\" content=\"fr_FR\" \/>\n<meta property=\"og:type\" content=\"article\" \/>\n<meta property=\"og:title\" content=\"Fiducies r\u00e9siduaires de bienfaisance - Carrefour International\" \/>\n<meta property=\"og:description\" content=\"Une fiducie r\u00e9siduelle de bienfaisance peut \u00eatre \u00e9tablie en apportant des obligations, des titres, des fonds communs de placement ou des biens immobiliers \u00e0 un fiduciaire qui les d\u00e9tient et les g\u00e8re.\" \/>\n<meta property=\"og:url\" content=\"https:\/\/cintl.org\/fr\/faites-un-don\/don-planifie\/fiducies-residuaires-de-bienfaisance\/\" \/>\n<meta property=\"og:site_name\" content=\"Carrefour International\" \/>\n<meta property=\"article:modified_time\" content=\"2020-05-04T11:42:35+00:00\" \/>\n<meta name=\"twitter:card\" content=\"summary\" \/>\n<meta name=\"twitter:creator\" content=\"@crossroadsintl\" \/>\n<meta name=\"twitter:site\" content=\"@crossroadsintl\" \/>\n<script type=\"application\/ld+json\" class=\"yoast-schema-graph\">{\"@context\":\"https:\/\/schema.org\",\"@graph\":[{\"@type\":\"Organization\",\"@id\":\"https:\/\/cintl.org\/fr\/#organization\",\"name\":\"Carrefour International\",\"url\":\"https:\/\/cintl.org\/fr\/\",\"sameAs\":[\"https:\/\/twitter.com\/crossroadsintl\"],\"logo\":{\"@type\":\"ImageObject\",\"@id\":\"https:\/\/cintl.org\/fr\/#logo\",\"inLanguage\":\"fr-FR\",\"url\":\"https:\/\/cintl.org\/wp-content\/uploads\/2017\/11\/logo-symbol.png\",\"width\":90,\"height\":89,\"caption\":\"Carrefour International\"},\"image\":{\"@id\":\"https:\/\/cintl.org\/fr\/#logo\"}},{\"@type\":\"WebSite\",\"@id\":\"https:\/\/cintl.org\/fr\/#website\",\"url\":\"https:\/\/cintl.org\/fr\/\",\"name\":\"Carrefour International\",\"description\":\"Just another WordPress site\",\"publisher\":{\"@id\":\"https:\/\/cintl.org\/fr\/#organization\"},\"potentialAction\":[{\"@type\":\"SearchAction\",\"target\":\"https:\/\/cintl.org\/fr\/?s={search_term_string}\",\"query-input\":\"required name=search_term_string\"}],\"inLanguage\":\"fr-FR\"},{\"@type\":\"WebPage\",\"@id\":\"https:\/\/cintl.org\/fr\/faites-un-don\/don-planifie\/fiducies-residuaires-de-bienfaisance\/#webpage\",\"url\":\"https:\/\/cintl.org\/fr\/faites-un-don\/don-planifie\/fiducies-residuaires-de-bienfaisance\/\",\"name\":\"Fiducies r\\u00e9siduaires de bienfaisance - Carrefour International\",\"isPartOf\":{\"@id\":\"https:\/\/cintl.org\/fr\/#website\"},\"datePublished\":\"2018-06-08T15:59:13+00:00\",\"dateModified\":\"2020-05-04T11:42:35+00:00\",\"description\":\"Une fiducie r\\u00e9siduelle de bienfaisance peut \\u00eatre \\u00e9tablie en apportant des obligations, des titres, des fonds communs de placement ou des biens immobiliers \\u00e0 un fiduciaire qui les d\\u00e9tient et les g\\u00e8re.\",\"inLanguage\":\"fr-FR\",\"potentialAction\":[{\"@type\":\"ReadAction\",\"target\":[\"https:\/\/cintl.org\/fr\/faites-un-don\/don-planifie\/fiducies-residuaires-de-bienfaisance\/\"]}]}]}<\/script>\n<!-- \/ Yoast SEO plugin. -->","_links":{"self":[{"href":"https:\/\/cintl.org\/fr\/wp-json\/wp\/v2\/pages\/2132"}],"collection":[{"href":"https:\/\/cintl.org\/fr\/wp-json\/wp\/v2\/pages"}],"about":[{"href":"https:\/\/cintl.org\/fr\/wp-json\/wp\/v2\/types\/page"}],"author":[{"embeddable":true,"href":"https:\/\/cintl.org\/fr\/wp-json\/wp\/v2\/users\/1"}],"replies":[{"embeddable":true,"href":"https:\/\/cintl.org\/fr\/wp-json\/wp\/v2\/comments?post=2132"}],"version-history":[{"count":3,"href":"https:\/\/cintl.org\/fr\/wp-json\/wp\/v2\/pages\/2132\/revisions"}],"predecessor-version":[{"id":9187,"href":"https:\/\/cintl.org\/fr\/wp-json\/wp\/v2\/pages\/2132\/revisions\/9187"}],"up":[{"embeddable":true,"href":"https:\/\/cintl.org\/fr\/wp-json\/wp\/v2\/pages\/2367"}],"wp:attachment":[{"href":"https:\/\/cintl.org\/fr\/wp-json\/wp\/v2\/media?parent=2132"}],"curies":[{"name":"wp","href":"https:\/\/api.w.org\/{rel}","templated":true}]}}