{"id":2129,"date":"2018-06-08T11:54:44","date_gmt":"2018-06-08T15:54:44","guid":{"rendered":"http:\/\/cin-01.eproofs.ca\/?page_id=2129"},"modified":"2020-05-04T08:23:24","modified_gmt":"2020-05-04T12:23:24","slug":"don-dune-rente","status":"publish","type":"page","link":"https:\/\/cintl.org\/fr\/faites-un-don\/don-planifie\/don-dune-rente\/","title":{"rendered":"Don d\u2019une rente"},"content":{"rendered":"<div class=\"wpb-content-wrapper\"><p>[vc_row][vc_column][vc_column_text]<strong>Vous estimez que toutes les femmes et les filles m\u00e9ritent qu\u2019on respecte leurs droits fondamentaux et qu\u2019on leur donne la possibilit\u00e9 de mener une vie sans violence ni maltraitance. Vous estimez \u00e9galement que les jeunes des pays en d\u00e9veloppement devraient avoir un meilleur acc\u00e8s \u00e0 des avenues de d\u00e9veloppement \u00e9conomique et \u00e0 des moyens de renforcement des capacit\u00e9s et du leadership. Vous pouvez nous aider \u00e0 faire en sorte que cela soit possible. Vous pouvez \u00eatre en acteur du changement en faisant un don planifi\u00e9 \u00e0 Carrefour International.<\/strong><\/p>\n<p>&nbsp;<\/p>\n<h3>Comment commencer<\/h3>\n<p>Selon votre \u00e2ge, une rente de bienfaisance vous permet de r\u00e9duire votre imp\u00f4t, de profiter d\u2019un revenu pr\u00e9d\u00e9termin\u00e9 garanti de votre vivant et de faire un don d\u00e8s maintenant. Ce type de don peut \u00eatre int\u00e9ressant si vous avez plus de 65 ans, que vous avez accumul\u00e9 une certaine richesse et que vous n\u2019avez pas besoin de laisser la totalit\u00e9 de votre capital \u00e0 votre \u00e9poux ou \u00e9pouse ou \u00e0 vos h\u00e9ritiers. Il s\u2019agit \u00e9galement d\u2019une option avantageuse si vous \u00eates pr\u00e9occup\u00e9 par le montant que vous devrez payer en imp\u00f4t sur vos investissements portant int\u00e9r\u00eat, si vous voulez augmenter votre revenu disponible apr\u00e8s imp\u00f4t, si vous aimez la s\u00e9curit\u00e9 que procure un revenu garanti fixe ou si souhaitez une gestion sans souci de vos placements.<\/p>\n<p>Carrefour International vous recommande fortement de demander des <strong>conseils juridiques \u00e0 un professionnel<\/strong> pour vous assurer de bien prendre en compte vos objectifs financiers, d\u2019effectuer un examen ad\u00e9quat de votre situation fiscale et de faire en sorte que votre don planifi\u00e9 soit adapt\u00e9 \u00e0 votre situation.<\/p>\n<p>&nbsp;<\/p>\n<h3>Avantages du don d\u2019une rente<\/h3>\n<ul>\n<li><strong>Revenu exempt d\u2019imp\u00f4t<\/strong> : Chaque versement de rente est une combinaison du capital et de l\u2019int\u00e9r\u00eat et la partie du capital de votre versement est exempte d\u2019imp\u00f4t. La combinaison est d\u00e9termin\u00e9e de sorte que vous payiez le moins d\u2019imp\u00f4t possible.<\/li>\n<li><strong>Taux garantis<\/strong> : Le taux de rendement est fixe. Selon votre \u00e2ge, vous pouvez obtenir, gr\u00e2ce \u00e0 une rente de bienfaisance, un taux sup\u00e9rieur \u00e0 celui offert pour des investissements semblables, comme les certificats de placement garanti ou les obligations d\u2019\u00e9pargne du Canada.<\/li>\n<li><strong>Commodit\u00e9<\/strong> : Vous pouvez choisir la fr\u00e9quence de versement qui vous convient (mensuelle, trimestrielle ou annuelle, par exemple), et votre versement peut \u00eatre directement d\u00e9pos\u00e9 dans votre compte bancaire. Vous pouvez constituer une rente d\u00e8s maintenant et repousser les versements \u00e0 une date ult\u00e9rieure. Vous n\u2019aurez pas \u00e0 vous pr\u00e9occuper de la gestion de vos placements.<br \/>\nFaible risque et assurance : La Soci\u00e9t\u00e9 canadienne d\u2019indemnisation pour les assurances de personnes assure vos versements, ce qui vous garantit une rente s\u2019\u00e9levant jusqu\u2019\u00e0 2 000 $ par mois en cas de faillite de la compagnie d\u2019assurance.<\/li>\n<li><strong>Personnalisation<\/strong> : Carrefour International collabore avec des courtiers de rente afin d\u2019examiner les diverses options offertes sur le march\u00e9 et nous nous assurerons que votre don convient \u00e0 vos besoins. Par exemple, vous pouvez choisir une rente viag\u00e8re ou pour un nombre d\u00e9termin\u00e9 d\u2019ann\u00e9es.<\/li>\n<li><strong>Fiabilit\u00e9<\/strong> : Apr\u00e8s avoir pr\u00e9cis\u00e9 les d\u00e9tails de la rente, Carrefour International la constitue, \u00e0 votre nom, aupr\u00e8s d\u2019une institution commerciale digne de confiance.<\/li>\n<li><strong>Don imm\u00e9diat<\/strong> : Vous pouvez faire un don d\u00e8s aujourd\u2019hui et recevoir un re\u00e7u officiel pour l\u2019ann\u00e9e de constitution de la rente, ce qui augmente la r\u00e9duction d\u2019imp\u00f4t pour l\u2019ann\u00e9e en question.<br \/>\nReconnaissance : Vous pouvez \u00eatre honor\u00e9 de votre vivant pour votre don.<\/li>\n<li><strong>Satisfaction<\/strong> : Vous faites un don pour des motifs personnels. Vous pouvez donner afin de perp\u00e9tuer votre m\u00e9moire, celle de votre famille ou celle d\u2019une personne que vous souhaitez honorer. \u00c9videmment, vous continuerez \u00e9galement de contribuer aux efforts qui permettent d\u2019am\u00e9liorer fondamentalement la vie des gens en r\u00e9duisant la pauvret\u00e9 et en faisant progresser les droits des femmes et des filles dans le monde entier.<\/li>\n<\/ul>\n<p>&nbsp;<\/p>\n<p>T\u00e9l\u00e9chargez notre <a href=\"https:\/\/cintl.org\/wp-content\/uploads\/2018\/07\/Donate-Legacy-giving-Gift-of-Annuities-Guide-pour-faire-le-don-dune-rente.pdf\">guide pour faire le don d\u2019une rente<\/a> ou contactez Wanjiro Ndungu, notre Gestionnaire en philanthropie, \u00e0 <a href=\"mailto:wanjiro@cintl.org\">wanjiro@cintl.org<\/a> ou au 416 967-1611 pour plus d&rsquo;informations.[\/vc_column_text][\/vc_column][\/vc_row]<\/p>\n<\/div>","protected":false},"excerpt":{"rendered":"<p>[vc_row][vc_column][vc_column_text]Vous estimez que toutes les femmes et les filles m\u00e9ritent qu\u2019on respecte leurs droits fondamentaux et qu\u2019on leur donne la <\/p>\n<p><a class=\"btn btn-secondary understrap-read-more-link\" href=\"https:\/\/cintl.org\/fr\/faites-un-don\/don-planifie\/don-dune-rente\/\">Lire la suite<\/a><\/p>\n","protected":false},"author":1,"featured_media":0,"parent":2367,"menu_order":0,"comment_status":"closed","ping_status":"closed","template":"","meta":{"_acf_changed":false,"footnotes":""},"acf":[],"yoast_head":"<!-- This site is optimized with the Yoast SEO plugin v14.9 - https:\/\/yoast.com\/wordpress\/plugins\/seo\/ -->\n<title>Don d\u2019une rente - Carrefour International<\/title>\n<meta name=\"description\" content=\"Selon votre \u00e2ge, une rente de bienfaisance vous permet d&#039;\u00e9conomiser de l&#039;imp\u00f4t, de b\u00e9n\u00e9ficier d&#039;un revenu pr\u00e9d\u00e9termin\u00e9 garanti \u00e0 vie et de faire un don d\u00e8s aujourd&#039;hui.\" \/>\n<meta name=\"robots\" content=\"index, follow, max-snippet:-1, max-image-preview:large, max-video-preview:-1\" \/>\n<link rel=\"canonical\" href=\"https:\/\/cintl.org\/fr\/faites-un-don\/don-planifie\/don-dune-rente\/\" \/>\n<meta property=\"og:locale\" content=\"fr_FR\" \/>\n<meta property=\"og:type\" content=\"article\" \/>\n<meta property=\"og:title\" content=\"Don d\u2019une rente - Carrefour International\" \/>\n<meta property=\"og:description\" content=\"Selon votre \u00e2ge, une rente de bienfaisance vous permet d&#039;\u00e9conomiser de l&#039;imp\u00f4t, de b\u00e9n\u00e9ficier d&#039;un revenu pr\u00e9d\u00e9termin\u00e9 garanti \u00e0 vie et de faire un don d\u00e8s aujourd&#039;hui.\" \/>\n<meta property=\"og:url\" content=\"https:\/\/cintl.org\/fr\/faites-un-don\/don-planifie\/don-dune-rente\/\" \/>\n<meta property=\"og:site_name\" content=\"Carrefour International\" \/>\n<meta property=\"article:modified_time\" content=\"2020-05-04T12:23:24+00:00\" \/>\n<meta name=\"twitter:card\" content=\"summary\" \/>\n<meta name=\"twitter:creator\" content=\"@crossroadsintl\" \/>\n<meta name=\"twitter:site\" content=\"@crossroadsintl\" \/>\n<script type=\"application\/ld+json\" class=\"yoast-schema-graph\">{\"@context\":\"https:\/\/schema.org\",\"@graph\":[{\"@type\":\"Organization\",\"@id\":\"https:\/\/cintl.org\/fr\/#organization\",\"name\":\"Carrefour International\",\"url\":\"https:\/\/cintl.org\/fr\/\",\"sameAs\":[\"https:\/\/twitter.com\/crossroadsintl\"],\"logo\":{\"@type\":\"ImageObject\",\"@id\":\"https:\/\/cintl.org\/fr\/#logo\",\"inLanguage\":\"fr-FR\",\"url\":\"https:\/\/cintl.org\/wp-content\/uploads\/2017\/11\/logo-symbol.png\",\"width\":90,\"height\":89,\"caption\":\"Carrefour International\"},\"image\":{\"@id\":\"https:\/\/cintl.org\/fr\/#logo\"}},{\"@type\":\"WebSite\",\"@id\":\"https:\/\/cintl.org\/fr\/#website\",\"url\":\"https:\/\/cintl.org\/fr\/\",\"name\":\"Carrefour International\",\"description\":\"Just another WordPress site\",\"publisher\":{\"@id\":\"https:\/\/cintl.org\/fr\/#organization\"},\"potentialAction\":[{\"@type\":\"SearchAction\",\"target\":\"https:\/\/cintl.org\/fr\/?s={search_term_string}\",\"query-input\":\"required name=search_term_string\"}],\"inLanguage\":\"fr-FR\"},{\"@type\":\"WebPage\",\"@id\":\"https:\/\/cintl.org\/fr\/faites-un-don\/don-planifie\/don-dune-rente\/#webpage\",\"url\":\"https:\/\/cintl.org\/fr\/faites-un-don\/don-planifie\/don-dune-rente\/\",\"name\":\"Don d\\u2019une rente - Carrefour International\",\"isPartOf\":{\"@id\":\"https:\/\/cintl.org\/fr\/#website\"},\"datePublished\":\"2018-06-08T15:54:44+00:00\",\"dateModified\":\"2020-05-04T12:23:24+00:00\",\"description\":\"Selon votre \\u00e2ge, une rente de bienfaisance vous permet d'\\u00e9conomiser de l'imp\\u00f4t, de b\\u00e9n\\u00e9ficier d'un revenu pr\\u00e9d\\u00e9termin\\u00e9 garanti \\u00e0 vie et de faire un don d\\u00e8s aujourd'hui.\",\"inLanguage\":\"fr-FR\",\"potentialAction\":[{\"@type\":\"ReadAction\",\"target\":[\"https:\/\/cintl.org\/fr\/faites-un-don\/don-planifie\/don-dune-rente\/\"]}]}]}<\/script>\n<!-- \/ Yoast SEO plugin. -->","_links":{"self":[{"href":"https:\/\/cintl.org\/fr\/wp-json\/wp\/v2\/pages\/2129"}],"collection":[{"href":"https:\/\/cintl.org\/fr\/wp-json\/wp\/v2\/pages"}],"about":[{"href":"https:\/\/cintl.org\/fr\/wp-json\/wp\/v2\/types\/page"}],"author":[{"embeddable":true,"href":"https:\/\/cintl.org\/fr\/wp-json\/wp\/v2\/users\/1"}],"replies":[{"embeddable":true,"href":"https:\/\/cintl.org\/fr\/wp-json\/wp\/v2\/comments?post=2129"}],"version-history":[{"count":6,"href":"https:\/\/cintl.org\/fr\/wp-json\/wp\/v2\/pages\/2129\/revisions"}],"predecessor-version":[{"id":9215,"href":"https:\/\/cintl.org\/fr\/wp-json\/wp\/v2\/pages\/2129\/revisions\/9215"}],"up":[{"embeddable":true,"href":"https:\/\/cintl.org\/fr\/wp-json\/wp\/v2\/pages\/2367"}],"wp:attachment":[{"href":"https:\/\/cintl.org\/fr\/wp-json\/wp\/v2\/media?parent=2129"}],"curies":[{"name":"wp","href":"https:\/\/api.w.org\/{rel}","templated":true}]}}