{"id":2127,"date":"2018-06-08T11:47:30","date_gmt":"2018-06-08T15:47:30","guid":{"rendered":"http:\/\/cin-01.eproofs.ca\/?page_id=2127"},"modified":"2020-05-04T07:57:49","modified_gmt":"2020-05-04T11:57:49","slug":"don-dune-police-dassurance-vie","status":"publish","type":"page","link":"https:\/\/cintl.org\/fr\/faites-un-don\/don-planifie\/don-dune-police-dassurance-vie\/","title":{"rendered":"Don d\u2019une police d\u2019assurance-vie"},"content":{"rendered":"<div class=\"wpb-content-wrapper\"><p>[vc_row][vc_column][vc_column_text]<strong>Vous estimez que toutes les femmes et les filles m\u00e9ritent qu\u2019on respecte leurs droits fondamentaux et qu\u2019on leur donne la possibilit\u00e9 de mener une vie sans violence ni maltraitance. Vous estimez \u00e9galement que les jeunes des pays en d\u00e9veloppement devraient avoir un meilleur acc\u00e8s \u00e0 des avenues de d\u00e9veloppement \u00e9conomique et \u00e0 des moyens de renforcement des capacit\u00e9s et du leadership. Vous pouvez nous aider \u00e0 faire en sorte que cela soit possible. Vous pouvez \u00eatre en acteur du changement en faisant un don planifi\u00e9 \u00e0 Carrefour International.<\/strong><\/p>\n<p>&nbsp;<\/p>\n<h3><\/h3>\n<h3>Comment commencer<\/h3>\n<p>Le don d\u2019une police d\u2019assurance-vie peut \u00eatre int\u00e9ressant si vous avez moins de 50 ans et que vous \u00eates en bonne sant\u00e9, que vous souhaitez faire un don d\u2019importance tout en fournissant un effort financier relativement petit et que votre famille n\u2019a plus besoin du produit de votre police d\u2019assurance-vie.<\/p>\n<p>Carrefour International vous recommande fortement de demander des <strong>conseils juridiques \u00e0 un professionnel<\/strong> pour vous assurer de bien prendre en compte vos objectifs financiers, d\u2019effectuer un examen ad\u00e9quat de votre situation fiscale et de faire en sorte que votre don planifi\u00e9 soit adapt\u00e9 \u00e0 votre situation.<\/p>\n<p>&nbsp;<\/p>\n<h3><\/h3>\n<h3>Avantages du don d\u2019une police d\u2019assurance-vie<\/h3>\n<ul>\n<li><strong>Simplicit\u00e9 et commodit\u00e9<\/strong> : La transaction est simple. Votre agent d\u2019assurance-vie peut vous conseiller sur le type de police qui conviendrait le mieux \u00e0 vos besoins, personnaliser votre programme et s\u2019occuper de la pr\u00e9paration des documents n\u00e9cessaires.<\/li>\n<li><strong>Effet de levier<\/strong> : Il s\u2019agit d\u2019un moyen peu co\u00fbteux de faire un don plus important que vous ne pourriez le faire autrement, sans diminuer vos actifs actuels ni votre succession. La valeur de votre police sera beaucoup plus \u00e9lev\u00e9e que les primes que vous payez.<\/li>\n<li><strong>Souplesse<\/strong> : Le don d\u2019une assurance-vie peut entra\u00eener un all\u00e8gement fiscal annuel en raison des primes pay\u00e9es ou un cr\u00e9dit d\u2019imp\u00f4t applicable \u00e0 votre succession pour l\u2019ann\u00e9e de votre d\u00e9c\u00e8s. Votre conseiller financier et vous pouvez \u00e9tablir la structure de votre don afin de r\u00e9duire votre imp\u00f4t \u00e0 payer de votre vivant ou pour votre succession. La limite de don, de votre vivant, s\u2019\u00e9l\u00e8ve \u00e0 75 % de votre revenu net et augmente \u00e0 100 % l\u2019ann\u00e9e de votre d\u00e9c\u00e8s. Tout montant de cr\u00e9dit d\u2019imp\u00f4t inutilis\u00e9 pour l\u2019ann\u00e9e de votre d\u00e9c\u00e8s peut \u00eatre report\u00e9 \u00e0 l\u2019ann\u00e9e pr\u00e9c\u00e9dente et appliqu\u00e9 pour recouvrir une partie de l\u2019imp\u00f4t, jusqu\u2019\u00e0 concurrence de 100 % de votre revenu net pour l\u2019ann\u00e9e pr\u00e9c\u00e9dant votre d\u00e9c\u00e8s.<br \/>\n\u00c9limination des frais d\u2019homologation, juridiques et d\u2019ex\u00e9cution : Votre police d\u2019assurance-vie ne sera pas assujettie \u00e0 des frais d\u2019homologation et le r\u00e8glement se fera sans d\u00e9lai.<\/li>\n<li><strong>Contr\u00f4le<\/strong> : Le don d\u2019une police d\u2019assurance-vie ne rel\u00e8ve pas du domaine public et vous permet de conserver l\u2019anonymat. Contrairement \u00e0 un testament, il ne peut pas \u00eatre contest\u00e9.<\/li>\n<li><strong>Qui\u00e9tude<\/strong> : Vous pouvez planifier vous-m\u00eame votre don et vous serez assur\u00e9 qu\u2019il sera remis comme pr\u00e9vu. Apr\u00e8s un rapide processus de r\u00e9clamation, le produit de votre assurance sera directement vers\u00e9 \u00e0 Carrefour International.<br \/>\nPr\u00e9servation de votre succession : La succession transmise \u00e0 votre famille ne sera pas diminu\u00e9e en raison de la police d\u2019assurance-vie, puisque, par sa nature, cette derni\u00e8re constituera une succession suppl\u00e9mentaire et distincte.<\/li>\n<li><strong>Reconnaissance<\/strong> : Vous pouvez \u00eatre honor\u00e9 de votre vivant pour votre don.<\/li>\n<li><strong>Satisfaction<\/strong> : Vous faites un don pour des motifs personnels. Vous pouvez donner afin de perp\u00e9tuer votre m\u00e9moire, celle de votre famille ou celle d\u2019une personne que vous souhaitez honorer. \u00c9videmment, vous continuerez \u00e9galement de contribuer aux efforts qui permettent d\u2019am\u00e9liorer fondamentalement la vie des gens en r\u00e9duisant la pauvret\u00e9 et en faisant progresser les droits des femmes et des filles dans le monde entier.<\/li>\n<\/ul>\n<p>&nbsp;<br \/>\n<a href=\"https:\/\/cintl.org\/wp-content\/uploads\/2020\/05\/One-World-Legacy-Circle_LIFE-INSURANCE_FR_April_20.pdf\" target=\"_blank\" rel=\"noopener noreferrer\">T\u00e9l\u00e9chargez ce document en tant que ressource<\/a> pour vous ou contactez Wanjiro Ndungu, notre Gestionnaire en philanthropie, \u00e0 <a href=\"mailto:wanjiro@cintl.org\">wanjiro@cintl.org<\/a> ou au\u00a0416 967-1611\u00a0pour de plus amples renseignements.[\/vc_column_text][\/vc_column][\/vc_row]<\/p>\n<\/div>","protected":false},"excerpt":{"rendered":"<p>[vc_row][vc_column][vc_column_text]Vous estimez que toutes les femmes et les filles m\u00e9ritent qu\u2019on respecte leurs droits fondamentaux et qu\u2019on leur donne la <\/p>\n<p><a class=\"btn btn-secondary understrap-read-more-link\" href=\"https:\/\/cintl.org\/fr\/faites-un-don\/don-planifie\/don-dune-police-dassurance-vie\/\">Lire la suite<\/a><\/p>\n","protected":false},"author":1,"featured_media":0,"parent":2367,"menu_order":0,"comment_status":"closed","ping_status":"closed","template":"","meta":{"_acf_changed":false,"footnotes":""},"acf":[],"yoast_head":"<!-- This site is optimized with the Yoast SEO plugin v14.9 - https:\/\/yoast.com\/wordpress\/plugins\/seo\/ -->\n<title>Don d\u2019une police d\u2019assurance-vie - Carrefour International<\/title>\n<meta name=\"description\" content=\"Vous pouvez nous aider \u00e0 rendre cela possible. Vous pouvez \u00eatre un agent de changement en laissant un legs \u00e0 Carrefour International.\" \/>\n<meta name=\"robots\" content=\"index, follow, max-snippet:-1, max-image-preview:large, max-video-preview:-1\" \/>\n<link rel=\"canonical\" href=\"https:\/\/cintl.org\/fr\/faites-un-don\/don-planifie\/don-dune-police-dassurance-vie\/\" \/>\n<meta property=\"og:locale\" content=\"fr_FR\" \/>\n<meta property=\"og:type\" content=\"article\" \/>\n<meta property=\"og:title\" content=\"Don d\u2019une police d\u2019assurance-vie - Carrefour International\" \/>\n<meta property=\"og:description\" content=\"Vous pouvez nous aider \u00e0 rendre cela possible. Vous pouvez \u00eatre un agent de changement en laissant un legs \u00e0 Carrefour International.\" \/>\n<meta property=\"og:url\" content=\"https:\/\/cintl.org\/fr\/faites-un-don\/don-planifie\/don-dune-police-dassurance-vie\/\" \/>\n<meta property=\"og:site_name\" content=\"Carrefour International\" \/>\n<meta property=\"article:modified_time\" content=\"2020-05-04T11:57:49+00:00\" \/>\n<meta name=\"twitter:card\" content=\"summary\" \/>\n<meta name=\"twitter:creator\" content=\"@crossroadsintl\" \/>\n<meta name=\"twitter:site\" content=\"@crossroadsintl\" \/>\n<script type=\"application\/ld+json\" class=\"yoast-schema-graph\">{\"@context\":\"https:\/\/schema.org\",\"@graph\":[{\"@type\":\"Organization\",\"@id\":\"https:\/\/cintl.org\/fr\/#organization\",\"name\":\"Carrefour International\",\"url\":\"https:\/\/cintl.org\/fr\/\",\"sameAs\":[\"https:\/\/twitter.com\/crossroadsintl\"],\"logo\":{\"@type\":\"ImageObject\",\"@id\":\"https:\/\/cintl.org\/fr\/#logo\",\"inLanguage\":\"fr-FR\",\"url\":\"https:\/\/cintl.org\/wp-content\/uploads\/2017\/11\/logo-symbol.png\",\"width\":90,\"height\":89,\"caption\":\"Carrefour International\"},\"image\":{\"@id\":\"https:\/\/cintl.org\/fr\/#logo\"}},{\"@type\":\"WebSite\",\"@id\":\"https:\/\/cintl.org\/fr\/#website\",\"url\":\"https:\/\/cintl.org\/fr\/\",\"name\":\"Carrefour International\",\"description\":\"Just another WordPress site\",\"publisher\":{\"@id\":\"https:\/\/cintl.org\/fr\/#organization\"},\"potentialAction\":[{\"@type\":\"SearchAction\",\"target\":\"https:\/\/cintl.org\/fr\/?s={search_term_string}\",\"query-input\":\"required name=search_term_string\"}],\"inLanguage\":\"fr-FR\"},{\"@type\":\"WebPage\",\"@id\":\"https:\/\/cintl.org\/fr\/faites-un-don\/don-planifie\/don-dune-police-dassurance-vie\/#webpage\",\"url\":\"https:\/\/cintl.org\/fr\/faites-un-don\/don-planifie\/don-dune-police-dassurance-vie\/\",\"name\":\"Don d\\u2019une police d\\u2019assurance-vie - Carrefour International\",\"isPartOf\":{\"@id\":\"https:\/\/cintl.org\/fr\/#website\"},\"datePublished\":\"2018-06-08T15:47:30+00:00\",\"dateModified\":\"2020-05-04T11:57:49+00:00\",\"description\":\"Vous pouvez nous aider \\u00e0 rendre cela possible. Vous pouvez \\u00eatre un agent de changement en laissant un legs \\u00e0 Carrefour International.\",\"inLanguage\":\"fr-FR\",\"potentialAction\":[{\"@type\":\"ReadAction\",\"target\":[\"https:\/\/cintl.org\/fr\/faites-un-don\/don-planifie\/don-dune-police-dassurance-vie\/\"]}]}]}<\/script>\n<!-- \/ Yoast SEO plugin. -->","_links":{"self":[{"href":"https:\/\/cintl.org\/fr\/wp-json\/wp\/v2\/pages\/2127"}],"collection":[{"href":"https:\/\/cintl.org\/fr\/wp-json\/wp\/v2\/pages"}],"about":[{"href":"https:\/\/cintl.org\/fr\/wp-json\/wp\/v2\/types\/page"}],"author":[{"embeddable":true,"href":"https:\/\/cintl.org\/fr\/wp-json\/wp\/v2\/users\/1"}],"replies":[{"embeddable":true,"href":"https:\/\/cintl.org\/fr\/wp-json\/wp\/v2\/comments?post=2127"}],"version-history":[{"count":7,"href":"https:\/\/cintl.org\/fr\/wp-json\/wp\/v2\/pages\/2127\/revisions"}],"predecessor-version":[{"id":9196,"href":"https:\/\/cintl.org\/fr\/wp-json\/wp\/v2\/pages\/2127\/revisions\/9196"}],"up":[{"embeddable":true,"href":"https:\/\/cintl.org\/fr\/wp-json\/wp\/v2\/pages\/2367"}],"wp:attachment":[{"href":"https:\/\/cintl.org\/fr\/wp-json\/wp\/v2\/media?parent=2127"}],"curies":[{"name":"wp","href":"https:\/\/api.w.org\/{rel}","templated":true}]}}