{"id":2125,"date":"2018-06-08T11:42:09","date_gmt":"2018-06-08T15:42:09","guid":{"rendered":"http:\/\/cin-01.eproofs.ca\/?page_id=2125"},"modified":"2020-05-04T07:09:10","modified_gmt":"2020-05-04T11:09:10","slug":"don-dactifs-enregistres","status":"publish","type":"page","link":"https:\/\/cintl.org\/fr\/faites-un-don\/don-planifie\/don-dactifs-enregistres\/","title":{"rendered":"Don d\u2019actifs enregistr\u00e9s"},"content":{"rendered":"<div class=\"wpb-content-wrapper\"><p>[vc_row][vc_column][vc_column_text]<strong>La population canadienne cotise en grand nombre \u00e0 des r\u00e9gimes enregistr\u00e9s d\u2019\u00e9pargne-retraite (REER). Cependant, les REER et les fonds enregistr\u00e9s de revenu de retraite (FERR) entra\u00eenent habituellement d\u2019importantes obligations fiscales pour l\u2019ann\u00e9e du d\u00e9c\u00e8s, puisque le montant entier du r\u00e9gime ou du fonds est ajout\u00e9 \u00e0 votre revenu de cette ann\u00e9e. Faire don de la totalit\u00e9 ou d\u2019une partie de votre REER ou de votre FERR \u00e0 Carrefour International est un moyen efficace de r\u00e9duire l\u2019imp\u00f4t \u00e0 payer par vos successeurs.<\/strong><\/p>\n<p>&nbsp;<\/p>\n<h3>Comment commencer<\/h3>\n<p>Pour d\u00e9signer Carrefour International comme b\u00e9n\u00e9ficiaire de votre REER ou de votre FERR, vous devez communiquer avec l\u2019institution financi\u00e8re qui administre votre r\u00e9gime de retraite et signer un \u00ab formulaire de d\u00e9signation \u00bb d\u00e9signant Carrefour International comme b\u00e9n\u00e9ficiaire de celui-ci.<\/p>\n<p>Carrefour International vous recommande fortement de demander des <strong>conseils juridiques \u00e0 un professionnel<\/strong> pour vous assurer de bien prendre en compte vos objectifs financiers, d\u2019effectuer un examen ad\u00e9quat de votre situation fiscale et de faire en sorte que votre don planifi\u00e9 soit adapt\u00e9 \u00e0 votre situation.<\/p>\n<p>&nbsp;<\/p>\n<h3>Avantages d\u2019un don d\u2019actifs enregistr\u00e9s<\/h3>\n<ul>\n<li><strong>Avantages fiscaux<\/strong> : Les REER et les FEER sont enti\u00e8rement imposables l\u2019ann\u00e9e de votre d\u00e9c\u00e8s, habituellement au taux d\u2019imposition marginal le plus \u00e9lev\u00e9, \u00e0 moins que les fonds puissent \u00eatre transf\u00e9r\u00e9s \u00e0 votre \u00e9poux ou \u00e9pouse ou \u00e0 un enfant \u00e0 charge. Si vous faites don de votre REER ou de FERR, vos successeurs peuvent r\u00e9clamer des dons pour l\u2019ann\u00e9e de votre d\u00e9c\u00e8s et la pr\u00e9c\u00e9dente, jusqu\u2019\u00e0 concurrence de 100 % de votre revenu net pour ces deux ann\u00e9es.<\/li>\n<li><strong>Simplicit\u00e9<\/strong> : Il est facile de planifier ce type de don. Vous devez vous procurer un formulaire de changement de d\u00e9signation du b\u00e9n\u00e9ficiaire aupr\u00e8s de votre institution financi\u00e8re, le remplir en d\u00e9signant Carrefour International comme b\u00e9n\u00e9ficiaire d\u2019un pourcentage ou de la totalit\u00e9 des fonds, et retourner le formulaire \u00e0 l\u2019institution financi\u00e8re afin qu\u2019elle puisse effectuer la modification dans ses dossiers.<\/li>\n<li><strong>Souplesse<\/strong> : La d\u00e9signation peut \u00eatre r\u00e9voqu\u00e9e et modifi\u00e9e.<\/li>\n<li><strong>Aucun co\u00fbt<\/strong> : Il n\u2019y a aucun co\u00fbt suppl\u00e9mentaire \u00e0 d\u00e9bourser.<br \/>\n\u00c9limination des frais d\u2019homologation, juridiques et d\u2019ex\u00e9cution : Votre don ne sera pas assujetti \u00e0 des frais d\u2019homologation et le r\u00e8glement se fera sans d\u00e9lai. La totalit\u00e9 du produit sera payable \u00e0 Carrefour International \u00e0 votre d\u00e9c\u00e8s.<\/li>\n<li><strong>Qui\u00e9tude<\/strong> : Vous pouvez planifier et annoncer le don vous-m\u00eame et vous saurez qu\u2019il sera remis comme pr\u00e9vu.<\/li>\n<li><strong>Contr\u00f4le<\/strong> : Vous conservez le contr\u00f4le de vos placements de votre vivant.<\/li>\n<li><strong>Confidentialit\u00e9<\/strong> : Votre don ne rel\u00e8ve pas du domaine public et vous permet de conserver l\u2019anonymat. Contrairement \u00e0 un testament, un don ne peut pas \u00eatre contest\u00e9.<\/li>\n<li><strong>Reconnaissance<\/strong> : Vous pouvez \u00eatre honor\u00e9 de votre vivant pour votre don.<\/li>\n<li><strong>Satisfaction<\/strong> : Vous faites un don pour des motifs personnels. Vous pouvez donner afin de perp\u00e9tuer votre m\u00e9moire, celle de votre famille ou celle d\u2019une personne que vous souhaitez honorer. \u00c9videmment, vous continuerez \u00e9galement de contribuer aux efforts qui permettent d\u2019am\u00e9liorer fondamentalement la vie des gens en r\u00e9duisant la pauvret\u00e9 et en faisant progresser les droits des femmes et des filles dans le monde entier.<strong><br \/>\n<\/strong><\/li>\n<\/ul>\n<p>&nbsp;<\/p>\n<p>Contactez Wanjiro Ndungu, notre Gestionnaire en philanthropie, \u00e0 <a href=\"mailto:wanjiro@cintl.org\">wanjiro@cintl.org<\/a> ou au 416 967-1611 pour de plus amples renseignements sur la pr\u00e9paration d\u2019un don d\u2019actifs enregistr\u00e9s \u00e0 Carrefour International.[\/vc_column_text][\/vc_column][\/vc_row]<\/p>\n<\/div>","protected":false},"excerpt":{"rendered":"<p>[vc_row][vc_column][vc_column_text]La population canadienne cotise en grand nombre \u00e0 des r\u00e9gimes enregistr\u00e9s d\u2019\u00e9pargne-retraite (REER). Cependant, les REER et les fonds enregistr\u00e9s <\/p>\n<p><a class=\"btn btn-secondary understrap-read-more-link\" href=\"https:\/\/cintl.org\/fr\/faites-un-don\/don-planifie\/don-dactifs-enregistres\/\">Lire la suite<\/a><\/p>\n","protected":false},"author":1,"featured_media":0,"parent":2367,"menu_order":0,"comment_status":"closed","ping_status":"closed","template":"","meta":{"_acf_changed":false,"footnotes":""},"acf":[],"yoast_head":"<!-- This site is optimized with the Yoast SEO plugin v14.9 - https:\/\/yoast.com\/wordpress\/plugins\/seo\/ -->\n<title>Don d\u2019actifs enregistr\u00e9s - Carrefour International<\/title>\n<meta name=\"description\" content=\"Faire don de la totalit\u00e9 ou d&#039;un pourcentage de votre REER ou FERR \u00e0 Carrefour International est un moyen efficace de r\u00e9duire les imp\u00f4ts \u00e0 payer par votre succession.\" \/>\n<meta name=\"robots\" content=\"index, follow, max-snippet:-1, max-image-preview:large, max-video-preview:-1\" \/>\n<link rel=\"canonical\" href=\"https:\/\/cintl.org\/fr\/faites-un-don\/don-planifie\/don-dactifs-enregistres\/\" \/>\n<meta property=\"og:locale\" content=\"fr_FR\" \/>\n<meta property=\"og:type\" content=\"article\" \/>\n<meta property=\"og:title\" content=\"Don d\u2019actifs enregistr\u00e9s - Carrefour International\" \/>\n<meta property=\"og:description\" content=\"Faire don de la totalit\u00e9 ou d&#039;un pourcentage de votre REER ou FERR \u00e0 Carrefour International est un moyen efficace de r\u00e9duire les imp\u00f4ts \u00e0 payer par votre succession.\" \/>\n<meta property=\"og:url\" content=\"https:\/\/cintl.org\/fr\/faites-un-don\/don-planifie\/don-dactifs-enregistres\/\" \/>\n<meta property=\"og:site_name\" content=\"Carrefour International\" \/>\n<meta property=\"article:modified_time\" content=\"2020-05-04T11:09:10+00:00\" \/>\n<meta name=\"twitter:card\" content=\"summary\" \/>\n<meta name=\"twitter:creator\" content=\"@crossroadsintl\" \/>\n<meta name=\"twitter:site\" content=\"@crossroadsintl\" \/>\n<script type=\"application\/ld+json\" class=\"yoast-schema-graph\">{\"@context\":\"https:\/\/schema.org\",\"@graph\":[{\"@type\":\"Organization\",\"@id\":\"https:\/\/cintl.org\/fr\/#organization\",\"name\":\"Carrefour International\",\"url\":\"https:\/\/cintl.org\/fr\/\",\"sameAs\":[\"https:\/\/twitter.com\/crossroadsintl\"],\"logo\":{\"@type\":\"ImageObject\",\"@id\":\"https:\/\/cintl.org\/fr\/#logo\",\"inLanguage\":\"fr-FR\",\"url\":\"https:\/\/cintl.org\/wp-content\/uploads\/2017\/11\/logo-symbol.png\",\"width\":90,\"height\":89,\"caption\":\"Carrefour International\"},\"image\":{\"@id\":\"https:\/\/cintl.org\/fr\/#logo\"}},{\"@type\":\"WebSite\",\"@id\":\"https:\/\/cintl.org\/fr\/#website\",\"url\":\"https:\/\/cintl.org\/fr\/\",\"name\":\"Carrefour International\",\"description\":\"Just another WordPress site\",\"publisher\":{\"@id\":\"https:\/\/cintl.org\/fr\/#organization\"},\"potentialAction\":[{\"@type\":\"SearchAction\",\"target\":\"https:\/\/cintl.org\/fr\/?s={search_term_string}\",\"query-input\":\"required name=search_term_string\"}],\"inLanguage\":\"fr-FR\"},{\"@type\":\"WebPage\",\"@id\":\"https:\/\/cintl.org\/fr\/faites-un-don\/don-planifie\/don-dactifs-enregistres\/#webpage\",\"url\":\"https:\/\/cintl.org\/fr\/faites-un-don\/don-planifie\/don-dactifs-enregistres\/\",\"name\":\"Don d\\u2019actifs enregistr\\u00e9s - Carrefour International\",\"isPartOf\":{\"@id\":\"https:\/\/cintl.org\/fr\/#website\"},\"datePublished\":\"2018-06-08T15:42:09+00:00\",\"dateModified\":\"2020-05-04T11:09:10+00:00\",\"description\":\"Faire don de la totalit\\u00e9 ou d'un pourcentage de votre REER ou FERR \\u00e0 Carrefour International est un moyen efficace de r\\u00e9duire les imp\\u00f4ts \\u00e0 payer par votre succession.\",\"inLanguage\":\"fr-FR\",\"potentialAction\":[{\"@type\":\"ReadAction\",\"target\":[\"https:\/\/cintl.org\/fr\/faites-un-don\/don-planifie\/don-dactifs-enregistres\/\"]}]}]}<\/script>\n<!-- \/ Yoast SEO plugin. -->","_links":{"self":[{"href":"https:\/\/cintl.org\/fr\/wp-json\/wp\/v2\/pages\/2125"}],"collection":[{"href":"https:\/\/cintl.org\/fr\/wp-json\/wp\/v2\/pages"}],"about":[{"href":"https:\/\/cintl.org\/fr\/wp-json\/wp\/v2\/types\/page"}],"author":[{"embeddable":true,"href":"https:\/\/cintl.org\/fr\/wp-json\/wp\/v2\/users\/1"}],"replies":[{"embeddable":true,"href":"https:\/\/cintl.org\/fr\/wp-json\/wp\/v2\/comments?post=2125"}],"version-history":[{"count":4,"href":"https:\/\/cintl.org\/fr\/wp-json\/wp\/v2\/pages\/2125\/revisions"}],"predecessor-version":[{"id":9177,"href":"https:\/\/cintl.org\/fr\/wp-json\/wp\/v2\/pages\/2125\/revisions\/9177"}],"up":[{"embeddable":true,"href":"https:\/\/cintl.org\/fr\/wp-json\/wp\/v2\/pages\/2367"}],"wp:attachment":[{"href":"https:\/\/cintl.org\/fr\/wp-json\/wp\/v2\/media?parent=2125"}],"curies":[{"name":"wp","href":"https:\/\/api.w.org\/{rel}","templated":true}]}}