{"id":2027,"date":"2018-06-07T13:55:36","date_gmt":"2018-06-07T17:55:36","guid":{"rendered":"http:\/\/cin-01.eproofs.ca\/?page_id=2027"},"modified":"2019-12-18T11:35:37","modified_gmt":"2019-12-18T16:35:37","slug":"nouvelles-et-evenements","status":"publish","type":"page","link":"https:\/\/cintl.org\/fr\/actualites\/nouvelles-et-evenements\/","title":{"rendered":"Nouvelles et \u00e9v\u00e9nements"},"content":{"rendered":"<div class=\"wpb-content-wrapper\"><p>[vc_row][vc_column][vc_empty_space height=\u00a0\u00bb15px\u00a0\u00bb][vc_custom_heading text=\u00a0\u00bbNe ratez pas nos derni\u00e8res nouvelles et \u00e9v\u00e9nements\u00a0\u00bb font_container=\u00a0\u00bbtag:h2|text_align:center\u00a0\u00bb use_theme_fonts=\u00a0\u00bbyes\u00a0\u00bb][vc_custom_heading text=\u00a0\u00bb\u00c0 Carrefour International, nous avons toujours des nouvelles sur notre travail pour faire progresser l\u2019\u00e9galit\u00e9 ou sur nos prochains \u00e9v\u00e9nements \u00e0 partager.\u00a0\u00bb font_container=\u00a0\u00bbtag:p|font_size:22|text_align:center\u00a0\u00bb use_theme_fonts=\u00a0\u00bbyes\u00a0\u00bb][vc_empty_space height=\u00a0\u00bb25px\u00a0\u00bb][\/vc_column][\/vc_row][vc_row equal_height=\u00a0\u00bbyes\u00a0\u00bb][vc_column width=\u00a0\u00bb1\/2&Prime;][vc_row_inner css=\u00a0\u00bb.vc_custom_1527092219047{background-image: url(https:\/\/cintl.org\/wp-content\/uploads\/2018\/05\/news-events_news-bg.jpg?id=1756) !important;background-position: center !important;background-repeat: no-repeat !important;background-size: cover !important;}\u00a0\u00bb][vc_column_inner css=\u00a0\u00bb.vc_custom_1527092203703{padding: 40px !important;background-color: rgba(0,0,0,0.45) !important;*background-color: rgb(0,0,0) !important;}\u00a0\u00bb][vc_empty_space height=\u00a0\u00bb90px\u00a0\u00bb][vc_custom_heading text=\u00a0\u00bbNouvelles\u00a0\u00bb font_container=\u00a0\u00bbtag:h2|text_align:left|color:%23ffffff\u00a0\u00bb use_theme_fonts=\u00a0\u00bbyes\u00a0\u00bb][vc_column_text]<a class=\"btn btn-primary\" href=\"https:\/\/cintl.org\/fr\/actualites\/nouvelles\/\">Lisez nos nouvelles<\/a>[\/vc_column_text][vc_empty_space height=\u00a0\u00bb90px\u00a0\u00bb][\/vc_column_inner][\/vc_row_inner][\/vc_column][vc_column width=\u00a0\u00bb1\/2&Prime;][vc_row_inner css=\u00a0\u00bb.vc_custom_1527092363785{background-image: url(https:\/\/cintl.org\/wp-content\/uploads\/2018\/05\/newsandevents-landing-image-topbg.jpg?id=1503) !important;background-position: center !important;background-repeat: no-repeat !important;background-size: cover !important;}\u00a0\u00bb][vc_column_inner css=\u00a0\u00bb.vc_custom_1527092346329{padding: 40px !important;background-color: rgba(0,0,0,0.45) !important;*background-color: rgb(0,0,0) !important;}\u00a0\u00bb][vc_empty_space height=\u00a0\u00bb90px\u00a0\u00bb][vc_custom_heading text=\u00a0\u00bb\u00c9v\u00e9nements\u00a0\u00bb font_container=\u00a0\u00bbtag:h2|text_align:left|color:%23ffffff\u00a0\u00bb use_theme_fonts=\u00a0\u00bbyes\u00a0\u00bb][vc_column_text]<a class=\"btn btn-primary\" href=\"https:\/\/cintl.org\/fr\/actualites\/evenements\/\">Voir nos \u00e9v\u00e9nements<\/a>[\/vc_column_text][vc_empty_space height=\u00a0\u00bb90px\u00a0\u00bb][\/vc_column_inner][\/vc_row_inner][\/vc_column][\/vc_row][vc_section full_width=\u00a0\u00bbstretch_row\u00a0\u00bb css=\u00a0\u00bb.vc_custom_1524763120863{background-position: center !important;background-repeat: no-repeat !important;background-size: cover !important;}\u00a0\u00bb][vc_row][vc_column][vc_empty_space height=\u00a0\u00bb60px\u00a0\u00bb][\/vc_column][\/vc_row][vc_row][vc_column][vc_custom_heading text=\u00a0\u00bbRESTEZ INFORM\u00c9\u00a0\u00bb font_container=\u00a0\u00bbtag:h2|text_align:center\u00a0\u00bb use_theme_fonts=\u00a0\u00bbyes\u00a0\u00bb][vc_custom_heading text=\u00a0\u00bbNe manquez pas le blog de notre Directrice g\u00e9n\u00e9rale et nos autres publications\u00a0\u00bb font_container=\u00a0\u00bbtag:p|font_size:22|text_align:center\u00a0\u00bb use_theme_fonts=\u00a0\u00bbyes\u00a0\u00bb][vc_empty_space height=\u00a0\u00bb25px\u00a0\u00bb][\/vc_column][\/vc_row][vc_row][vc_column width=\u00a0\u00bb1\/3&Prime;][vc_single_image image=\u00a0\u00bb1763&Prime; img_size=\u00a0\u00bbfull\u00a0\u00bb onclick=\u00a0\u00bbcustom_link\u00a0\u00bb link=\u00a0\u00bbhttps:\/\/cintl.org\/fr\/le-blogue-de-carine\/\u00a0\u00bb][vc_custom_heading text=\u00a0\u00bbLE BLOGUE DE CHRISTINE\u00a0\u00bb font_container=\u00a0\u00bbtag:h4|text_align:center\u00a0\u00bb use_theme_fonts=\u00a0\u00bbyes\u00a0\u00bb link=\u00a0\u00bburl:https%3A%2F%2Fcintl.org%2Ffr%2Factualites%2Fblogue%2F|||\u00a0\u00bb][\/vc_column][vc_column width=\u00a0\u00bb1\/3&Prime;][vc_single_image image=\u00a0\u00bb1510&Prime; img_size=\u00a0\u00bbfull\u00a0\u00bb onclick=\u00a0\u00bbcustom_link\u00a0\u00bb link=\u00a0\u00bbhttps:\/\/cintl.org\/fr\/actualites\/medias\/\u00a0\u00bb][vc_custom_heading text=\u00a0\u00bbM\u00c9DIAS\u00a0\u00bb font_container=\u00a0\u00bbtag:h4|text_align:center\u00a0\u00bb use_theme_fonts=\u00a0\u00bbyes\u00a0\u00bb link=\u00a0\u00bburl:https%3A%2F%2Fcintl.org%2Ffr%2Factualites%2Fmedias%2F|||\u00a0\u00bb][\/vc_column][vc_column width=\u00a0\u00bb1\/3&Prime;][vc_single_image image=\u00a0\u00bb1512&Prime; img_size=\u00a0\u00bbfull\u00a0\u00bb onclick=\u00a0\u00bbcustom_link\u00a0\u00bb link=\u00a0\u00bbhttps:\/\/cintl.org\/fr\/actualites\/publications\/\u00a0\u00bb][vc_custom_heading text=\u00a0\u00bbPUBLICATIONS\u00a0\u00bb font_container=\u00a0\u00bbtag:h4|text_align:center\u00a0\u00bb use_theme_fonts=\u00a0\u00bbyes\u00a0\u00bb link=\u00a0\u00bburl:https%3A%2F%2Fcintl.org%2Ffr%2Factualites%2Fpublications%2F|||\u00a0\u00bb][\/vc_column][\/vc_row][\/vc_section][vc_row][vc_column][vc_empty_space height=\u00a0\u00bb100px\u00a0\u00bb][\/vc_column][\/vc_row][vc_row][vc_column][vc_custom_heading text=\u00a0\u00bbInscrivez-vous \u00e0 notre Cyberlettre\u00a0\u00bb font_container=\u00a0\u00bbtag:h2|text_align:center\u00a0\u00bb use_theme_fonts=\u00a0\u00bbyes\u00a0\u00bb][vc_empty_space height=\u00a0\u00bb25px\u00a0\u00bb][\/vc_column][\/vc_row][vc_row css=\u00a0\u00bb.vc_custom_1527093296132{background-image: url(https:\/\/cintl.org\/wp-content\/uploads\/2018\/05\/newsandevents-landing-enewsletter-cropped.jpg?id=1766) !important;background-position: center !important;background-repeat: no-repeat !important;background-size: cover !important;}\u00a0\u00bb][vc_column width=\u00a0\u00bb1\/2&Prime;][\/vc_column][vc_column width=\u00a0\u00bb1\/2&Prime; css=\u00a0\u00bb.vc_custom_1525281571756{padding-top: 230px !important;padding-right: 60px !important;padding-bottom: 220px !important;padding-left: 50px !important;}\u00a0\u00bb][vc_custom_heading text=\u00a0\u00bbNotre cyberlettre mensuel est la meilleure facon de rester inform\u00e9 sur l\u2019impact de notre travail et connaitre nos derni\u00e8res nouvelles et \u00e9v\u00e9nements.\u00a0\u00bb font_container=\u00a0\u00bbtag:p|text_align:left|color:%23ffffff\u00a0\u00bb use_theme_fonts=\u00a0\u00bbyes\u00a0\u00bb][vc_empty_space height=\u00a0\u00bb5px\u00a0\u00bb][vc_column_text]<a class=\"btn btn-primary\" href=\"https:\/\/cintl.org\/fr\/actualites\/cyberlettre\/\">INSCRIVEZ-VOUS<\/a>[\/vc_column_text][\/vc_column][\/vc_row][vc_row][vc_column][vc_empty_space height=\u00a0\u00bb25px\u00a0\u00bb][\/vc_column][\/vc_row]<\/p>\n<\/div>","protected":false},"excerpt":{"rendered":"<p>[vc_row][vc_column][vc_empty_space height=\u00a0\u00bb15px\u00a0\u00bb][vc_custom_heading text=\u00a0\u00bbNe ratez pas nos derni\u00e8res nouvelles et \u00e9v\u00e9nements\u00a0\u00bb font_container=\u00a0\u00bbtag:h2|text_align:center\u00a0\u00bb use_theme_fonts=\u00a0\u00bbyes\u00a0\u00bb][vc_custom_heading text=\u00a0\u00bb\u00c0 Carrefour International, nous avons toujours des nouvelles <\/p>\n<p><a class=\"btn btn-secondary understrap-read-more-link\" href=\"https:\/\/cintl.org\/fr\/actualites\/nouvelles-et-evenements\/\">Lire la suite<\/a><\/p>\n","protected":false},"author":1,"featured_media":0,"parent":2321,"menu_order":10,"comment_status":"closed","ping_status":"closed","template":"page-templates\/fullwidthpage.php","meta":{"_acf_changed":false,"footnotes":""},"acf":[],"yoast_head":"<!-- This site is optimized with the Yoast SEO plugin v14.9 - https:\/\/yoast.com\/wordpress\/plugins\/seo\/ -->\n<title>Nouvelles et \u00e9v\u00e9nements - Carrefour International<\/title>\n<meta name=\"description\" content=\"\u00c0 Carrefour International, nous avons toujours des nouvelles sur notre travail pour faire progresser l\u2019\u00e9galit\u00e9 ou sur nos prochains \u00e9v\u00e9nements \u00e0 partager.\" \/>\n<meta name=\"robots\" content=\"index, follow, max-snippet:-1, max-image-preview:large, max-video-preview:-1\" \/>\n<link rel=\"canonical\" href=\"https:\/\/cintl.org\/fr\/actualites\/nouvelles-et-evenements\/\" \/>\n<meta property=\"og:locale\" content=\"fr_FR\" \/>\n<meta property=\"og:type\" content=\"article\" \/>\n<meta property=\"og:title\" content=\"Nouvelles et \u00e9v\u00e9nements - Carrefour International\" \/>\n<meta property=\"og:description\" content=\"\u00c0 Carrefour International, nous avons toujours des nouvelles sur notre travail pour faire progresser l\u2019\u00e9galit\u00e9 ou sur nos prochains \u00e9v\u00e9nements \u00e0 partager.\" \/>\n<meta property=\"og:url\" content=\"https:\/\/cintl.org\/fr\/actualites\/nouvelles-et-evenements\/\" \/>\n<meta property=\"og:site_name\" content=\"Carrefour International\" \/>\n<meta property=\"article:modified_time\" content=\"2019-12-18T16:35:37+00:00\" \/>\n<meta name=\"twitter:card\" content=\"summary\" \/>\n<meta name=\"twitter:creator\" content=\"@crossroadsintl\" \/>\n<meta name=\"twitter:site\" content=\"@crossroadsintl\" \/>\n<script type=\"application\/ld+json\" class=\"yoast-schema-graph\">{\"@context\":\"https:\/\/schema.org\",\"@graph\":[{\"@type\":\"Organization\",\"@id\":\"https:\/\/cintl.org\/fr\/#organization\",\"name\":\"Carrefour International\",\"url\":\"https:\/\/cintl.org\/fr\/\",\"sameAs\":[\"https:\/\/twitter.com\/crossroadsintl\"],\"logo\":{\"@type\":\"ImageObject\",\"@id\":\"https:\/\/cintl.org\/fr\/#logo\",\"inLanguage\":\"fr-FR\",\"url\":\"https:\/\/cintl.org\/wp-content\/uploads\/2017\/11\/logo-symbol.png\",\"width\":90,\"height\":89,\"caption\":\"Carrefour International\"},\"image\":{\"@id\":\"https:\/\/cintl.org\/fr\/#logo\"}},{\"@type\":\"WebSite\",\"@id\":\"https:\/\/cintl.org\/fr\/#website\",\"url\":\"https:\/\/cintl.org\/fr\/\",\"name\":\"Carrefour International\",\"description\":\"Just another WordPress site\",\"publisher\":{\"@id\":\"https:\/\/cintl.org\/fr\/#organization\"},\"potentialAction\":[{\"@type\":\"SearchAction\",\"target\":\"https:\/\/cintl.org\/fr\/?s={search_term_string}\",\"query-input\":\"required name=search_term_string\"}],\"inLanguage\":\"fr-FR\"},{\"@type\":\"WebPage\",\"@id\":\"https:\/\/cintl.org\/fr\/actualites\/nouvelles-et-evenements\/#webpage\",\"url\":\"https:\/\/cintl.org\/fr\/actualites\/nouvelles-et-evenements\/\",\"name\":\"Nouvelles et \\u00e9v\\u00e9nements - Carrefour International\",\"isPartOf\":{\"@id\":\"https:\/\/cintl.org\/fr\/#website\"},\"datePublished\":\"2018-06-07T17:55:36+00:00\",\"dateModified\":\"2019-12-18T16:35:37+00:00\",\"description\":\"\\u00c0 Carrefour International, nous avons toujours des nouvelles sur notre travail pour faire progresser l\\u2019\\u00e9galit\\u00e9 ou sur nos prochains \\u00e9v\\u00e9nements \\u00e0 partager.\",\"inLanguage\":\"fr-FR\",\"potentialAction\":[{\"@type\":\"ReadAction\",\"target\":[\"https:\/\/cintl.org\/fr\/actualites\/nouvelles-et-evenements\/\"]}]}]}<\/script>\n<!-- \/ Yoast SEO plugin. -->","_links":{"self":[{"href":"https:\/\/cintl.org\/fr\/wp-json\/wp\/v2\/pages\/2027"}],"collection":[{"href":"https:\/\/cintl.org\/fr\/wp-json\/wp\/v2\/pages"}],"about":[{"href":"https:\/\/cintl.org\/fr\/wp-json\/wp\/v2\/types\/page"}],"author":[{"embeddable":true,"href":"https:\/\/cintl.org\/fr\/wp-json\/wp\/v2\/users\/1"}],"replies":[{"embeddable":true,"href":"https:\/\/cintl.org\/fr\/wp-json\/wp\/v2\/comments?post=2027"}],"version-history":[{"count":16,"href":"https:\/\/cintl.org\/fr\/wp-json\/wp\/v2\/pages\/2027\/revisions"}],"predecessor-version":[{"id":7530,"href":"https:\/\/cintl.org\/fr\/wp-json\/wp\/v2\/pages\/2027\/revisions\/7530"}],"up":[{"embeddable":true,"href":"https:\/\/cintl.org\/fr\/wp-json\/wp\/v2\/pages\/2321"}],"wp:attachment":[{"href":"https:\/\/cintl.org\/fr\/wp-json\/wp\/v2\/media?parent=2027"}],"curies":[{"name":"wp","href":"https:\/\/api.w.org\/{rel}","templated":true}]}}