{"id":1999,"date":"2018-06-07T08:50:15","date_gmt":"2018-06-07T12:50:15","guid":{"rendered":"http:\/\/cin-01.eproofs.ca\/?page_id=1999"},"modified":"2019-12-18T11:35:16","modified_gmt":"2019-12-18T16:35:16","slug":"ce-que-nous-faisons","status":"publish","type":"page","link":"https:\/\/cintl.org\/fr\/notre-travail\/ce-que-nous-faisons\/","title":{"rendered":"Ce que nous faisons"},"content":{"rendered":"<div class=\"wpb-content-wrapper\"><p>[vc_row][vc_column][vc_empty_space height=\u00a0\u00bb15px\u00a0\u00bb][vc_custom_heading text=\u00a0\u00bbConjuguer id\u00e9es et expertise pour \u00e9liminer la pauvret\u00e9 et faire progresser les droits des femmes\u00a0\u00bb font_container=\u00a0\u00bbtag:h2|text_align:center\u00a0\u00bb use_theme_fonts=\u00a0\u00bbyes\u00a0\u00bb][vc_custom_heading text=\u00a0\u00bbLes besoins des femmes, des filles et des jeunes n\u2019ont jamais \u00e9t\u00e9 aussi importants. Les in\u00e9galit\u00e9s entre les sexes favorisent une augmentation des abus sexuels et de la violence contre les femmes et les filles, ainsi que le non-respect de leurs droits fondamentaux. L\u2019extr\u00eame pauvret\u00e9, exacerb\u00e9e par les changements climatiques, entra\u00eene une ins\u00e9curit\u00e9 alimentaire qui accro\u00eet encore davantage la vuln\u00e9rabilit\u00e9 des plus d\u00e9munis, tout particuli\u00e8rement les femmes et les filles. Ensemble, nous pilotons des programmes innovateurs qui visent \u00e0 pr\u00e9venir la violence et les abus, \u00e0 soutenir les entreprises collectives et de petite taille qui g\u00e9n\u00e8rent des revenus durables pour les femmes, les jeunes et les personnes pauvres en milieu rural, et \u00e0 travailler en collaboration avec des organisations de femmes afin d\u2019\u00e9duquer les filles et les femmes sur leurs droits et les aider \u00e0 participer au pouvoir dans leur communaut\u00e9.\u00a0\u00bb font_container=\u00a0\u00bbtag:p|font_size:22|text_align:center\u00a0\u00bb use_theme_fonts=\u00a0\u00bbyes\u00a0\u00bb][vc_empty_space height=\u00a0\u00bb25px\u00a0\u00bb][\/vc_column][\/vc_row][vc_section full_width=\u00a0\u00bbstretch_row\u00a0\u00bb css=\u00a0\u00bb.vc_custom_1524763120863{background-position: center !important;background-repeat: no-repeat !important;background-size: cover !important;}\u00a0\u00bb][vc_row][vc_column][vc_column_text]<div class=\"row category-list\" id=\"list-what_we_do_category\"><article class=\"col-12 col-sm-6 col-md-4\"><a href=\"https:\/\/cintl.org\/fr\/ce-que-nous-faisons\/acces-a-la-justice\/\"><div class=\"page-item page-item-50 \"><div class=\"overlay\"><\/div><span>Acc\u00e8s \u00e0 la justice<\/span><\/div><\/a><\/article><article class=\"col-12 col-sm-6 col-md-4\"><a href=\"https:\/\/cintl.org\/fr\/ce-que-nous-faisons\/autonomisation-economique\/\"><div class=\"page-item page-item-47 \"><div class=\"overlay\"><\/div><span>Autonomisation \u00e9conomique<\/span><\/div><\/a><\/article><article class=\"col-12 col-sm-6 col-md-4\"><a href=\"https:\/\/cintl.org\/fr\/ce-que-nous-faisons\/damcam-fr\/\"><div class=\"page-item page-item-173 \"><div class=\"overlay\"><\/div><span>DAMCAM - MA VOIX MA SANT\u00c9<\/span><\/div><\/a><\/article><article class=\"col-12 col-sm-6 col-md-4\"><a href=\"https:\/\/cintl.org\/fr\/ce-que-nous-faisons\/droits-des-femmes-et-des-filles\/\"><div class=\"page-item page-item-48 \"><div class=\"overlay\"><\/div><span>Droits des femmes et des filles<\/span><\/div><\/a><\/article><article class=\"col-12 col-sm-6 col-md-4\"><a href=\"https:\/\/cintl.org\/fr\/ce-que-nous-faisons\/leadership-des-femmes\/\"><div class=\"page-item page-item-53 \"><div class=\"overlay\"><\/div><span>Leadership des femmes<\/span><\/div><\/a><\/article><\/div>[\/vc_column_text][\/vc_column][\/vc_row][\/vc_section][vc_row][vc_column][vc_empty_space height=\u00a0\u00bb25px\u00a0\u00bb][\/vc_column][\/vc_row]<\/p>\n<\/div>","protected":false},"excerpt":{"rendered":"<p>[vc_row][vc_column][vc_empty_space height=\u00a0\u00bb15px\u00a0\u00bb][vc_custom_heading text=\u00a0\u00bbConjuguer id\u00e9es et expertise pour \u00e9liminer la pauvret\u00e9 et faire progresser les droits des femmes\u00a0\u00bb font_container=\u00a0\u00bbtag:h2|text_align:center\u00a0\u00bb use_theme_fonts=\u00a0\u00bbyes\u00a0\u00bb][vc_custom_heading text=\u00a0\u00bbLes <\/p>\n<p><a class=\"btn btn-secondary understrap-read-more-link\" href=\"https:\/\/cintl.org\/fr\/notre-travail\/ce-que-nous-faisons\/\">Lire la suite<\/a><\/p>\n","protected":false},"author":1,"featured_media":0,"parent":2316,"menu_order":0,"comment_status":"closed","ping_status":"closed","template":"page-templates\/fullwidthpage.php","meta":{"_acf_changed":false,"footnotes":""},"acf":[],"yoast_head":"<!-- This site is optimized with the Yoast SEO plugin v14.9 - https:\/\/yoast.com\/wordpress\/plugins\/seo\/ -->\n<title>Ce que nous faisons - Carrefour International<\/title>\n<meta name=\"description\" content=\"Apprenez davantage sur les activit\u00e9s principaux de Carrefour et les 3 domaines d&#039;interventions dans lesquels nous faisons un effort constant et collectif.\" \/>\n<meta name=\"robots\" content=\"index, follow, max-snippet:-1, max-image-preview:large, max-video-preview:-1\" \/>\n<link rel=\"canonical\" href=\"https:\/\/cintl.org\/fr\/notre-travail\/ce-que-nous-faisons\/\" \/>\n<meta property=\"og:locale\" content=\"fr_FR\" \/>\n<meta property=\"og:type\" content=\"article\" \/>\n<meta property=\"og:title\" content=\"Ce que nous faisons - Carrefour International\" \/>\n<meta property=\"og:description\" content=\"Apprenez davantage sur les activit\u00e9s principaux de Carrefour et les 3 domaines d&#039;interventions dans lesquels nous faisons un effort constant et collectif.\" \/>\n<meta property=\"og:url\" content=\"https:\/\/cintl.org\/fr\/notre-travail\/ce-que-nous-faisons\/\" \/>\n<meta property=\"og:site_name\" content=\"Carrefour International\" \/>\n<meta property=\"article:modified_time\" content=\"2019-12-18T16:35:16+00:00\" \/>\n<meta name=\"twitter:card\" content=\"summary\" \/>\n<meta name=\"twitter:creator\" content=\"@crossroadsintl\" \/>\n<meta name=\"twitter:site\" content=\"@crossroadsintl\" \/>\n<script type=\"application\/ld+json\" class=\"yoast-schema-graph\">{\"@context\":\"https:\/\/schema.org\",\"@graph\":[{\"@type\":\"Organization\",\"@id\":\"https:\/\/cintl.org\/fr\/#organization\",\"name\":\"Carrefour International\",\"url\":\"https:\/\/cintl.org\/fr\/\",\"sameAs\":[\"https:\/\/twitter.com\/crossroadsintl\"],\"logo\":{\"@type\":\"ImageObject\",\"@id\":\"https:\/\/cintl.org\/fr\/#logo\",\"inLanguage\":\"fr-FR\",\"url\":\"https:\/\/cintl.org\/wp-content\/uploads\/2017\/11\/logo-symbol.png\",\"width\":90,\"height\":89,\"caption\":\"Carrefour International\"},\"image\":{\"@id\":\"https:\/\/cintl.org\/fr\/#logo\"}},{\"@type\":\"WebSite\",\"@id\":\"https:\/\/cintl.org\/fr\/#website\",\"url\":\"https:\/\/cintl.org\/fr\/\",\"name\":\"Carrefour International\",\"description\":\"Just another WordPress site\",\"publisher\":{\"@id\":\"https:\/\/cintl.org\/fr\/#organization\"},\"potentialAction\":[{\"@type\":\"SearchAction\",\"target\":\"https:\/\/cintl.org\/fr\/?s={search_term_string}\",\"query-input\":\"required name=search_term_string\"}],\"inLanguage\":\"fr-FR\"},{\"@type\":\"WebPage\",\"@id\":\"https:\/\/cintl.org\/fr\/notre-travail\/ce-que-nous-faisons\/#webpage\",\"url\":\"https:\/\/cintl.org\/fr\/notre-travail\/ce-que-nous-faisons\/\",\"name\":\"Ce que nous faisons - Carrefour International\",\"isPartOf\":{\"@id\":\"https:\/\/cintl.org\/fr\/#website\"},\"datePublished\":\"2018-06-07T12:50:15+00:00\",\"dateModified\":\"2019-12-18T16:35:16+00:00\",\"description\":\"Apprenez davantage sur les activit\\u00e9s principaux de Carrefour et les 3 domaines d'interventions dans lesquels nous faisons un effort constant et collectif.\",\"inLanguage\":\"fr-FR\",\"potentialAction\":[{\"@type\":\"ReadAction\",\"target\":[\"https:\/\/cintl.org\/fr\/notre-travail\/ce-que-nous-faisons\/\"]}]}]}<\/script>\n<!-- \/ Yoast SEO plugin. -->","_links":{"self":[{"href":"https:\/\/cintl.org\/fr\/wp-json\/wp\/v2\/pages\/1999"}],"collection":[{"href":"https:\/\/cintl.org\/fr\/wp-json\/wp\/v2\/pages"}],"about":[{"href":"https:\/\/cintl.org\/fr\/wp-json\/wp\/v2\/types\/page"}],"author":[{"embeddable":true,"href":"https:\/\/cintl.org\/fr\/wp-json\/wp\/v2\/users\/1"}],"replies":[{"embeddable":true,"href":"https:\/\/cintl.org\/fr\/wp-json\/wp\/v2\/comments?post=1999"}],"version-history":[{"count":5,"href":"https:\/\/cintl.org\/fr\/wp-json\/wp\/v2\/pages\/1999\/revisions"}],"predecessor-version":[{"id":3533,"href":"https:\/\/cintl.org\/fr\/wp-json\/wp\/v2\/pages\/1999\/revisions\/3533"}],"up":[{"embeddable":true,"href":"https:\/\/cintl.org\/fr\/wp-json\/wp\/v2\/pages\/2316"}],"wp:attachment":[{"href":"https:\/\/cintl.org\/fr\/wp-json\/wp\/v2\/media?parent=1999"}],"curies":[{"name":"wp","href":"https:\/\/api.w.org\/{rel}","templated":true}]}}