{"id":15204,"date":"2023-04-12T11:57:48","date_gmt":"2023-04-12T15:57:48","guid":{"rendered":"https:\/\/cintl.org\/?page_id=15204"},"modified":"2024-05-29T14:37:34","modified_gmt":"2024-05-29T18:37:34","slug":"semaine-de-laction-benevole-2023","status":"publish","type":"page","link":"https:\/\/cintl.org\/fr\/actualites\/evenements\/semaine-de-laction-benevole-2023\/","title":{"rendered":"Semaine de l&rsquo;action b\u00e9n\u00e9vole 2023 : C\u00e9l\u00e9brons nos volontaires!"},"content":{"rendered":"<div class=\"wpb-content-wrapper\"><p>[vc_row][vc_column width=\u00a0\u00bb1\/4&Prime;][vc_column_text]<\/p>\n<h2 class=\"left-heading date\">16 &#8211; 22 AVril 2023<\/h2>\n<p><strong>Semaine de l\u2019action b\u00e9n\u00e9vole<\/strong>[\/vc_column_text][vc_column_text]C\u00e9l\u00e9brons nos volontaires et b\u00e9n\u00e9voles, leurs talents et leurs contributions!<\/p>\n<p>#SAB2023 #JeSuisCarrefouriste[\/vc_column_text][vc_single_image image=\u00a0\u00bb7886&Prime; img_size=\u00a0\u00bbfull\u00a0\u00bb onclick=\u00a0\u00bbcustom_link\u00a0\u00bb img_link_target=\u00a0\u00bb_blank\u00a0\u00bb link=\u00a0\u00bbhttps:\/\/cintl.org\/fr\/actualites\/cyberlettre\/\u00a0\u00bb][\/vc_column][vc_column width=\u00a0\u00bb3\/4&Prime;][vc_column_text]Bienvenue \u00e0 la Semaine de l&rsquo;action b\u00e9n\u00e9vole 2023 \u00e0 Carrefour International! Cette ann\u00e9e, le th\u00e8me de la Semaine de l&rsquo;action b\u00e9n\u00e9vole est <em><strong>Le volontariat nous unit<\/strong><\/em>, soulignant comment le volontariat rassemble des personnes de tous horizons autour d&rsquo;un objectif commun.<\/p>\n<p>\u00c0 Carrefour International, nous sommes tr\u00e8s reconnaissant.e.s pour les <span style=\"color: #99cc00;\"><strong>10 000 volontaires<\/strong><\/span> qui ont contribu\u00e9 \u00e0 notre mission de faire progresser l&rsquo;\u00e9galit\u00e9 des genres, de r\u00e9duire la pauvret\u00e9 et de promouvoir le d\u00e9veloppement durable. Nos volontaires viennent d&rsquo;horizons divers et apportent un \u00e9ventail de comp\u00e9tences et d&rsquo;exp\u00e9riences \u00e0 notre travail.<\/p>\n<p>\u00c0 l&rsquo;occasion de la Semaine de l&rsquo;action b\u00e9n\u00e9vole, nous souhaitons prendre le temps de reconna\u00eetre et de c\u00e9l\u00e9brer le d\u00e9vouement et le travail acharn\u00e9 de nos volontaires. Sans leur soutien, nous ne serions pas en mesure d&rsquo;atteindre nos objectifs et de faire la diff\u00e9rence dans le monde.[\/vc_column_text][vc_single_image image=\u00a0\u00bb14858&Prime; img_size=\u00a0\u00bb600&#215;400&Prime;][vc_column_text]Nous sommes reconnaissant.e.s \u00e0 tous nos volontaires qui ont contribu\u00e9 \u00e0 notre mission et qui continuent \u00e0 le faire, ont travaill\u00e9 dans <strong>9 pays avec 47 partenaires<\/strong> pour soutenir plus de <strong>34 000 personnes<\/strong>. <em>Merci<\/em>.[\/vc_column_text][vc_single_image image=\u00a0\u00bb14801&Prime; img_size=\u00a0\u00bbfull\u00a0\u00bb][vc_column_text]<\/p>\n<h3>REJOIGNEZ-NOUS POUR C\u00c9L\u00c9BRER LA SEMAINE DE L&rsquo;ACTION B\u00c9N\u00c9VOLE 2023<\/h3>\n<p>Dans le cadre des c\u00e9l\u00e9brations, nous vous invitons \u00e0 participer \u00e0 notre prochain \u00e9v\u00e9nement le 20 avril,<a href=\"https:\/\/us02web.zoom.us\/webinar\/register\/WN_RhGdWhGWSquSCWbRpSwFlw\"><span style=\"color: #99cc00;\"><strong> C\u00e9l\u00e9brons nos volontaires : la Conf\u00e9rence des volontaires de Carrefour! <\/strong><\/span><\/a>Cette conf\u00e9rence permettra \u00e0 nos ancien.ne.s volontaires de partager leurs connaissances et leurs exp\u00e9riences avec le public canadien. Nos ancien.ne.s volontaires et partenaires parleront de leurs r\u00e9alisations et des actions sp\u00e9cifiques qu&rsquo;iels ont entreprises pour parvenir \u00e0 l&rsquo;\u00e9galit\u00e9 des genres, lutter contre les changements climatiques et r\u00e9duire la pauvret\u00e9 dans le monde.<\/p>\n<p>Cet \u00e9v\u00e9nement sera l&rsquo;occasion d&rsquo;en apprendre davantage sur l&rsquo;impact du volontariat et de nouer des liens avec des personnes partageant la m\u00eame passion pour faire une diff\u00e9rence dans le monde.<\/p>\n<p>Venez donc <a href=\"https:\/\/us02web.zoom.us\/webinar\/register\/WN_RhGdWhGWSquSCWbRpSwFlw\">c\u00e9l\u00e9brer avec nous la Semaine de l&rsquo;action b\u00e9n\u00e9vole 2023<\/a> et nos extraordinaires volontaires. Ensemble, faisons la diff\u00e9rence dans le monde et montrons que <strong><em>l<\/em><em>e volontariat nous unit<\/em><\/strong>.[\/vc_column_text][vc_btn title=\u00a0\u00bbINSCRIVEZ-VOUS\u00a0\u00bb style=\u00a0\u00bbflat\u00a0\u00bb color=\u00a0\u00bbwarning\u00a0\u00bb align=\u00a0\u00bbcenter\u00a0\u00bb link=\u00a0\u00bburl:https%3A%2F%2Fus02web.zoom.us%2Fwebinar%2Fregister%2FWN_RhGdWhGWSquSCWbRpSwFlw|||\u00a0\u00bb][vc_column_text]<\/p>\n<h3>C&rsquo;est votre tour !<\/h3>\n<p>Nous esp\u00e9rons qu&rsquo;en partageant nos exp\u00e9riences, nous pourrons inspirer d&rsquo;autres personnes \u00e0 s&rsquo;engager dans le volontariat et \u00e0 travailler \u00e0 la cr\u00e9ation de changements positifs dans leurs propres communaut\u00e9s. Si vous \u00eates int\u00e9ress\u00e9.e par le volontariat, nous vous invitons \u00e0 cliquer ci-dessous pour d\u00e9couvrir nos opportunit\u00e9s disponibles.[\/vc_column_text][vc_btn title=\u00a0\u00bbDEVENEZ VOLONTAIRE\u00a0\u00bb style=\u00a0\u00bbflat\u00a0\u00bb color=\u00a0\u00bbinfo\u00a0\u00bb align=\u00a0\u00bbcenter\u00a0\u00bb link=\u00a0\u00bburl:https%3A%2F%2Fcintl.org%2Ffr%2Fvolontariat%2Foffres-de-volontariat%2Foffres-de-volontariat-pcv%2F|title:Programme%20de%20coop%C3%A9ration%20volontaire%20(PCV)||\u00a0\u00bb][vc_column_text][\/vc_column_text][\/vc_column][\/vc_row]<\/p>\n<\/div>","protected":false},"excerpt":{"rendered":"<p>[vc_row][vc_column width=\u00a0\u00bb1\/4&Prime;][vc_column_text] 16 &#8211; 22 AVril 2023 Semaine de l\u2019action b\u00e9n\u00e9vole[\/vc_column_text][vc_column_text]C\u00e9l\u00e9brons nos volontaires et b\u00e9n\u00e9voles, leurs talents et leurs contributions! <\/p>\n<p><a class=\"btn btn-secondary understrap-read-more-link\" href=\"https:\/\/cintl.org\/fr\/actualites\/evenements\/semaine-de-laction-benevole-2023\/\">Lire la suite<\/a><\/p>\n","protected":false},"author":44,"featured_media":0,"parent":2041,"menu_order":0,"comment_status":"closed","ping_status":"closed","template":"","meta":{"_acf_changed":false,"footnotes":""},"acf":[],"yoast_head":"<!-- This site is optimized with the Yoast SEO plugin v14.9 - https:\/\/yoast.com\/wordpress\/plugins\/seo\/ -->\n<title>Semaine de l&#039;action b\u00e9n\u00e9vole 2023 : C\u00e9l\u00e9brons nos volontaires! - Carrefour International<\/title>\n<meta name=\"description\" content=\"This National Volunteer Week visit our online exhibition with photos from our volunteers and upload yours to share your story.\" \/>\n<meta name=\"robots\" content=\"index, follow, max-snippet:-1, max-image-preview:large, max-video-preview:-1\" \/>\n<link rel=\"canonical\" href=\"https:\/\/cintl.org\/fr\/actualites\/evenements\/semaine-de-laction-benevole-2023\/\" \/>\n<meta property=\"og:locale\" content=\"fr_FR\" \/>\n<meta property=\"og:type\" content=\"article\" \/>\n<meta property=\"og:title\" content=\"Semaine de l&#039;action b\u00e9n\u00e9vole 2023 : C\u00e9l\u00e9brons nos volontaires! - Carrefour International\" \/>\n<meta property=\"og:description\" content=\"This National Volunteer Week visit our online exhibition with photos from our volunteers and upload yours to share your story.\" \/>\n<meta property=\"og:url\" content=\"https:\/\/cintl.org\/fr\/actualites\/evenements\/semaine-de-laction-benevole-2023\/\" \/>\n<meta property=\"og:site_name\" content=\"Carrefour International\" \/>\n<meta property=\"article:modified_time\" content=\"2024-05-29T18:37:34+00:00\" \/>\n<meta name=\"twitter:card\" content=\"summary\" \/>\n<meta name=\"twitter:creator\" content=\"@crossroadsintl\" \/>\n<meta name=\"twitter:site\" content=\"@crossroadsintl\" \/>\n<script type=\"application\/ld+json\" class=\"yoast-schema-graph\">{\"@context\":\"https:\/\/schema.org\",\"@graph\":[{\"@type\":\"Organization\",\"@id\":\"https:\/\/cintl.org\/fr\/#organization\",\"name\":\"Carrefour International\",\"url\":\"https:\/\/cintl.org\/fr\/\",\"sameAs\":[\"https:\/\/twitter.com\/crossroadsintl\"],\"logo\":{\"@type\":\"ImageObject\",\"@id\":\"https:\/\/cintl.org\/fr\/#logo\",\"inLanguage\":\"fr-FR\",\"url\":\"https:\/\/cintl.org\/wp-content\/uploads\/2017\/11\/logo-symbol.png\",\"width\":90,\"height\":89,\"caption\":\"Carrefour International\"},\"image\":{\"@id\":\"https:\/\/cintl.org\/fr\/#logo\"}},{\"@type\":\"WebSite\",\"@id\":\"https:\/\/cintl.org\/fr\/#website\",\"url\":\"https:\/\/cintl.org\/fr\/\",\"name\":\"Carrefour International\",\"description\":\"Just another WordPress site\",\"publisher\":{\"@id\":\"https:\/\/cintl.org\/fr\/#organization\"},\"potentialAction\":[{\"@type\":\"SearchAction\",\"target\":\"https:\/\/cintl.org\/fr\/?s={search_term_string}\",\"query-input\":\"required name=search_term_string\"}],\"inLanguage\":\"fr-FR\"},{\"@type\":\"WebPage\",\"@id\":\"https:\/\/cintl.org\/fr\/actualites\/evenements\/semaine-de-laction-benevole-2023\/#webpage\",\"url\":\"https:\/\/cintl.org\/fr\/actualites\/evenements\/semaine-de-laction-benevole-2023\/\",\"name\":\"Semaine de l'action b\\u00e9n\\u00e9vole 2023 : C\\u00e9l\\u00e9brons nos volontaires! - Carrefour International\",\"isPartOf\":{\"@id\":\"https:\/\/cintl.org\/fr\/#website\"},\"datePublished\":\"2023-04-12T15:57:48+00:00\",\"dateModified\":\"2024-05-29T18:37:34+00:00\",\"description\":\"This National Volunteer Week visit our online exhibition with photos from our volunteers and upload yours to share your story.\",\"inLanguage\":\"fr-FR\",\"potentialAction\":[{\"@type\":\"ReadAction\",\"target\":[\"https:\/\/cintl.org\/fr\/actualites\/evenements\/semaine-de-laction-benevole-2023\/\"]}]}]}<\/script>\n<!-- \/ Yoast SEO plugin. -->","_links":{"self":[{"href":"https:\/\/cintl.org\/fr\/wp-json\/wp\/v2\/pages\/15204"}],"collection":[{"href":"https:\/\/cintl.org\/fr\/wp-json\/wp\/v2\/pages"}],"about":[{"href":"https:\/\/cintl.org\/fr\/wp-json\/wp\/v2\/types\/page"}],"author":[{"embeddable":true,"href":"https:\/\/cintl.org\/fr\/wp-json\/wp\/v2\/users\/44"}],"replies":[{"embeddable":true,"href":"https:\/\/cintl.org\/fr\/wp-json\/wp\/v2\/comments?post=15204"}],"version-history":[{"count":10,"href":"https:\/\/cintl.org\/fr\/wp-json\/wp\/v2\/pages\/15204\/revisions"}],"predecessor-version":[{"id":17056,"href":"https:\/\/cintl.org\/fr\/wp-json\/wp\/v2\/pages\/15204\/revisions\/17056"}],"up":[{"embeddable":true,"href":"https:\/\/cintl.org\/fr\/wp-json\/wp\/v2\/pages\/2041"}],"wp:attachment":[{"href":"https:\/\/cintl.org\/fr\/wp-json\/wp\/v2\/media?parent=15204"}],"curies":[{"name":"wp","href":"https:\/\/api.w.org\/{rel}","templated":true}]}}