{"id":1071,"date":"2018-02-26T13:18:18","date_gmt":"2018-02-26T18:18:18","guid":{"rendered":"http:\/\/cin-01.eproofs.ca\/matching-gifts\/"},"modified":"2020-05-04T08:25:16","modified_gmt":"2020-05-04T12:25:16","slug":"don-jumele","status":"publish","type":"page","link":"https:\/\/cintl.org\/fr\/faites-un-don\/don-jumele\/","title":{"rendered":"Don jumel\u00e9"},"content":{"rendered":"<div class=\"wpb-content-wrapper\"><p>[vc_row][vc_column][vc_column_text]<\/p>\n<div id=\"bbox-root\">Chaque ann\u00e9e, nous soutenons des milliers de femmes, d\u2019hommes et de jeunes en Afrique et en Am\u00e9rique du Sud afin d\u2019am\u00e9liorer leur quotidien par la cr\u00e9ation d\u2019emplois durables et de qualit\u00e9 dans le cadre de programmes novateurs d\u2019entrepreneuriat. Vous pouvez doubler les r\u00e9percussions de votre don \u00e0 Carrefour International en le jumelant \u00e0 un don de votre employeur, effectu\u00e9 dans le cadre de son programme de responsabilit\u00e9 d\u2019entreprise. Si vous avez des questions concernant le fonctionnement des dons jumel\u00e9s, contactez Wanjiro Ndungu, notre Gestionnaire en philanthropie, \u00e0 <a href=\"mailto:wanjiro@cintl.org\">wanjiro@cintl.org<\/a> ou au 416 967-1611 pour plus d&rsquo;informations.<\/div>\n<div><\/div>\n<p><script type=\"text\/javascript\">\n\twindow.bboxInit = function () {\n\t\tbbox.showForm('8b938ebf-5fa2-468a-b940-203e47357f0d');\n\t};\n\t(function () {\n\t\tvar e = document.createElement('script'); e.async = true;\n\t\te.src = 'https:\/\/bbox.blackbaudhosting.com\/webforms\/bbox-min.js';\n\t\tdocument.getElementsByTagName('head')[0].appendChild(e);\n\t}());\n\t$(\"input#bboxdonation_btnSubmit\").waitUntilExists(function () {\n\t\tUpdateforFrench();\n\t});\n<\/script>[\/vc_column_text][\/vc_column][\/vc_row]<\/p>\n<\/div>","protected":false},"excerpt":{"rendered":"<p>[vc_row][vc_column][vc_column_text] Chaque ann\u00e9e, nous soutenons des milliers de femmes, d\u2019hommes et de jeunes en Afrique et en Am\u00e9rique du Sud <\/p>\n<p><a class=\"btn btn-secondary understrap-read-more-link\" href=\"https:\/\/cintl.org\/fr\/faites-un-don\/don-jumele\/\">Lire la suite<\/a><\/p>\n","protected":false},"author":1,"featured_media":0,"parent":2117,"menu_order":2,"comment_status":"closed","ping_status":"closed","template":"","meta":{"_acf_changed":false,"footnotes":""},"acf":[],"yoast_head":"<!-- This site is optimized with the Yoast SEO plugin v14.9 - https:\/\/yoast.com\/wordpress\/plugins\/seo\/ -->\n<title>Don jumel\u00e9 - Carrefour International<\/title>\n<meta name=\"description\" content=\"Doublez les r\u00e9percussions de votre don en le jumelant \u00e0 un don de votre employeur, effectu\u00e9 dans le cadre de son programme de responsabilit\u00e9 d\u2019entreprise.\" \/>\n<meta name=\"robots\" content=\"index, follow, max-snippet:-1, max-image-preview:large, max-video-preview:-1\" \/>\n<link rel=\"canonical\" href=\"https:\/\/cintl.org\/fr\/faites-un-don\/don-jumele\/\" \/>\n<meta property=\"og:locale\" content=\"fr_FR\" \/>\n<meta property=\"og:type\" content=\"article\" \/>\n<meta property=\"og:title\" content=\"Don jumel\u00e9 - Carrefour International\" \/>\n<meta property=\"og:description\" content=\"Doublez les r\u00e9percussions de votre don en le jumelant \u00e0 un don de votre employeur, effectu\u00e9 dans le cadre de son programme de responsabilit\u00e9 d\u2019entreprise.\" \/>\n<meta property=\"og:url\" content=\"https:\/\/cintl.org\/fr\/faites-un-don\/don-jumele\/\" \/>\n<meta property=\"og:site_name\" content=\"Carrefour International\" \/>\n<meta property=\"article:modified_time\" content=\"2020-05-04T12:25:16+00:00\" \/>\n<meta name=\"twitter:card\" content=\"summary\" \/>\n<meta name=\"twitter:creator\" content=\"@crossroadsintl\" \/>\n<meta name=\"twitter:site\" content=\"@crossroadsintl\" \/>\n<script type=\"application\/ld+json\" class=\"yoast-schema-graph\">{\"@context\":\"https:\/\/schema.org\",\"@graph\":[{\"@type\":\"Organization\",\"@id\":\"https:\/\/cintl.org\/fr\/#organization\",\"name\":\"Carrefour International\",\"url\":\"https:\/\/cintl.org\/fr\/\",\"sameAs\":[\"https:\/\/twitter.com\/crossroadsintl\"],\"logo\":{\"@type\":\"ImageObject\",\"@id\":\"https:\/\/cintl.org\/fr\/#logo\",\"inLanguage\":\"fr-FR\",\"url\":\"https:\/\/cintl.org\/wp-content\/uploads\/2017\/11\/logo-symbol.png\",\"width\":90,\"height\":89,\"caption\":\"Carrefour International\"},\"image\":{\"@id\":\"https:\/\/cintl.org\/fr\/#logo\"}},{\"@type\":\"WebSite\",\"@id\":\"https:\/\/cintl.org\/fr\/#website\",\"url\":\"https:\/\/cintl.org\/fr\/\",\"name\":\"Carrefour International\",\"description\":\"Just another WordPress site\",\"publisher\":{\"@id\":\"https:\/\/cintl.org\/fr\/#organization\"},\"potentialAction\":[{\"@type\":\"SearchAction\",\"target\":\"https:\/\/cintl.org\/fr\/?s={search_term_string}\",\"query-input\":\"required name=search_term_string\"}],\"inLanguage\":\"fr-FR\"},{\"@type\":\"WebPage\",\"@id\":\"https:\/\/cintl.org\/fr\/faites-un-don\/don-jumele\/#webpage\",\"url\":\"https:\/\/cintl.org\/fr\/faites-un-don\/don-jumele\/\",\"name\":\"Don jumel\\u00e9 - Carrefour International\",\"isPartOf\":{\"@id\":\"https:\/\/cintl.org\/fr\/#website\"},\"datePublished\":\"2018-02-26T18:18:18+00:00\",\"dateModified\":\"2020-05-04T12:25:16+00:00\",\"description\":\"Doublez les r\\u00e9percussions de votre don en le jumelant \\u00e0 un don de votre employeur, effectu\\u00e9 dans le cadre de son programme de responsabilit\\u00e9 d\\u2019entreprise.\",\"inLanguage\":\"fr-FR\",\"potentialAction\":[{\"@type\":\"ReadAction\",\"target\":[\"https:\/\/cintl.org\/fr\/faites-un-don\/don-jumele\/\"]}]}]}<\/script>\n<!-- \/ Yoast SEO plugin. -->","_links":{"self":[{"href":"https:\/\/cintl.org\/fr\/wp-json\/wp\/v2\/pages\/1071"}],"collection":[{"href":"https:\/\/cintl.org\/fr\/wp-json\/wp\/v2\/pages"}],"about":[{"href":"https:\/\/cintl.org\/fr\/wp-json\/wp\/v2\/types\/page"}],"author":[{"embeddable":true,"href":"https:\/\/cintl.org\/fr\/wp-json\/wp\/v2\/users\/1"}],"replies":[{"embeddable":true,"href":"https:\/\/cintl.org\/fr\/wp-json\/wp\/v2\/comments?post=1071"}],"version-history":[{"count":4,"href":"https:\/\/cintl.org\/fr\/wp-json\/wp\/v2\/pages\/1071\/revisions"}],"predecessor-version":[{"id":9216,"href":"https:\/\/cintl.org\/fr\/wp-json\/wp\/v2\/pages\/1071\/revisions\/9216"}],"up":[{"embeddable":true,"href":"https:\/\/cintl.org\/fr\/wp-json\/wp\/v2\/pages\/2117"}],"wp:attachment":[{"href":"https:\/\/cintl.org\/fr\/wp-json\/wp\/v2\/media?parent=1071"}],"curies":[{"name":"wp","href":"https:\/\/api.w.org\/{rel}","templated":true}]}}