{"id":1060,"date":"2018-04-13T10:05:05","date_gmt":"2018-04-13T14:05:05","guid":{"rendered":"http:\/\/cin-01.eproofs.ca\/?page_id=1060"},"modified":"2021-04-21T14:34:34","modified_gmt":"2021-04-21T18:34:34","slug":"don-mensuel","status":"publish","type":"page","link":"https:\/\/cintl.org\/fr\/faites-un-don\/don-mensuel\/","title":{"rendered":"Don mensuel"},"content":{"rendered":"<div class=\"wpb-content-wrapper\"><p>[vc_row][vc_column][vc_column_text]<\/p>\n<div id=\"bbox-root\">\n<p>En cette p\u00e9riode de crise, Carrefour continue de soutenir ses partenaires locaux au Burkina Faso, Eswatini, Ghana, S\u00e9n\u00e9gal, Tanzanie et au Togo pour fournir des services essentiels et un soutien communautaire direct afin de renforcer la r\u00e9silience individuelle et communautaire contre l\u2019ins\u00e9curit\u00e9 alimentaire et la pauvret\u00e9, et pour accompagner les victimes de violences domestiques.<\/p>\n<p>Les femmes et les filles ont besoin de nous pour continuer \u00e0 se battre avec elles et pour elles. Aucun de nous ne sera lib\u00e9r\u00e9 de cette pand\u00e9mie mondiale tant que nous ne serons pas tous lib\u00e9r\u00e9s.<\/p>\n<p><strong>S\u2019il vous pla\u00eet, aidez-nous, aidez les populations locales en Afrique \u00e0 se pr\u00e9parer pour la COVID-19 en faisant votre don aujourd\u2019hui.<\/strong><\/p>\n<p>Si vous d\u00e9cidez de donner aujourd&rsquo;hui, votre don mensuel sera pr\u00e9lev\u00e9 le 15e jour de chaque mois. Au nom des communaut\u00e9s que nous accompagnons: <em>MERCI<\/em>.<\/p>\n<\/div>\n<div><\/div>\n<div><\/div>\n<p><script type=\"text\/javascript\">window.bboxInit = function () { bbox.showForm('99007e90-c9ff-443d-b694-c581df5d5a55'); };\n(function () {\n\tvar e = document.createElement('script'); e.async = true;\n\te.src = 'https:\/\/bbox.blackbaudhosting.com\/webforms\/bbox-min.js';\n\tdocument.getElementsByTagName('head')[0].appendChild(e);\n}());\n$(\"input#bboxdonation_btnSubmit\").waitUntilExists(function () {\n\tUpdateforFrench();\n});\n<\/script>[\/vc_column_text][\/vc_column][\/vc_row]<\/p>\n<\/div>","protected":false},"excerpt":{"rendered":"<p>[vc_row][vc_column][vc_column_text] En cette p\u00e9riode de crise, Carrefour continue de soutenir ses partenaires locaux au Burkina Faso, Eswatini, Ghana, S\u00e9n\u00e9gal, Tanzanie <\/p>\n<p><a class=\"btn btn-secondary understrap-read-more-link\" href=\"https:\/\/cintl.org\/fr\/faites-un-don\/don-mensuel\/\">Lire la suite<\/a><\/p>\n","protected":false},"author":1,"featured_media":0,"parent":2117,"menu_order":1,"comment_status":"closed","ping_status":"closed","template":"","meta":{"_acf_changed":false,"footnotes":""},"acf":[],"yoast_head":"<!-- This site is optimized with the Yoast SEO plugin v14.9 - https:\/\/yoast.com\/wordpress\/plugins\/seo\/ -->\n<title>Don mensuel - Carrefour International<\/title>\n<meta name=\"description\" content=\"Au 15e jour de chaque mois, faites un don pour changer la situation des femmes et des filles en Afrique et en Am\u00e9rique du Sud avec Carrefour.\" \/>\n<meta name=\"robots\" content=\"index, follow, max-snippet:-1, max-image-preview:large, max-video-preview:-1\" \/>\n<link rel=\"canonical\" href=\"https:\/\/cintl.org\/fr\/faites-un-don\/don-mensuel\/\" \/>\n<meta property=\"og:locale\" content=\"fr_FR\" \/>\n<meta property=\"og:type\" content=\"article\" \/>\n<meta property=\"og:title\" content=\"Don mensuel - Carrefour International\" \/>\n<meta property=\"og:description\" content=\"Au 15e jour de chaque mois, faites un don pour changer la situation des femmes et des filles en Afrique et en Am\u00e9rique du Sud avec Carrefour.\" \/>\n<meta property=\"og:url\" content=\"https:\/\/cintl.org\/fr\/faites-un-don\/don-mensuel\/\" \/>\n<meta property=\"og:site_name\" content=\"Carrefour International\" \/>\n<meta property=\"article:modified_time\" content=\"2021-04-21T18:34:34+00:00\" \/>\n<meta name=\"twitter:card\" content=\"summary\" \/>\n<meta name=\"twitter:creator\" content=\"@crossroadsintl\" \/>\n<meta name=\"twitter:site\" content=\"@crossroadsintl\" \/>\n<script type=\"application\/ld+json\" class=\"yoast-schema-graph\">{\"@context\":\"https:\/\/schema.org\",\"@graph\":[{\"@type\":\"Organization\",\"@id\":\"https:\/\/cintl.org\/fr\/#organization\",\"name\":\"Carrefour International\",\"url\":\"https:\/\/cintl.org\/fr\/\",\"sameAs\":[\"https:\/\/twitter.com\/crossroadsintl\"],\"logo\":{\"@type\":\"ImageObject\",\"@id\":\"https:\/\/cintl.org\/fr\/#logo\",\"inLanguage\":\"fr-FR\",\"url\":\"https:\/\/cintl.org\/wp-content\/uploads\/2017\/11\/logo-symbol.png\",\"width\":90,\"height\":89,\"caption\":\"Carrefour International\"},\"image\":{\"@id\":\"https:\/\/cintl.org\/fr\/#logo\"}},{\"@type\":\"WebSite\",\"@id\":\"https:\/\/cintl.org\/fr\/#website\",\"url\":\"https:\/\/cintl.org\/fr\/\",\"name\":\"Carrefour International\",\"description\":\"Just another WordPress site\",\"publisher\":{\"@id\":\"https:\/\/cintl.org\/fr\/#organization\"},\"potentialAction\":[{\"@type\":\"SearchAction\",\"target\":\"https:\/\/cintl.org\/fr\/?s={search_term_string}\",\"query-input\":\"required name=search_term_string\"}],\"inLanguage\":\"fr-FR\"},{\"@type\":\"WebPage\",\"@id\":\"https:\/\/cintl.org\/fr\/faites-un-don\/don-mensuel\/#webpage\",\"url\":\"https:\/\/cintl.org\/fr\/faites-un-don\/don-mensuel\/\",\"name\":\"Don mensuel - Carrefour International\",\"isPartOf\":{\"@id\":\"https:\/\/cintl.org\/fr\/#website\"},\"datePublished\":\"2018-04-13T14:05:05+00:00\",\"dateModified\":\"2021-04-21T18:34:34+00:00\",\"description\":\"Au 15e jour de chaque mois, faites un don pour changer la situation des femmes et des filles en Afrique et en Am\\u00e9rique du Sud avec Carrefour.\",\"inLanguage\":\"fr-FR\",\"potentialAction\":[{\"@type\":\"ReadAction\",\"target\":[\"https:\/\/cintl.org\/fr\/faites-un-don\/don-mensuel\/\"]}]}]}<\/script>\n<!-- \/ Yoast SEO plugin. -->","_links":{"self":[{"href":"https:\/\/cintl.org\/fr\/wp-json\/wp\/v2\/pages\/1060"}],"collection":[{"href":"https:\/\/cintl.org\/fr\/wp-json\/wp\/v2\/pages"}],"about":[{"href":"https:\/\/cintl.org\/fr\/wp-json\/wp\/v2\/types\/page"}],"author":[{"embeddable":true,"href":"https:\/\/cintl.org\/fr\/wp-json\/wp\/v2\/users\/1"}],"replies":[{"embeddable":true,"href":"https:\/\/cintl.org\/fr\/wp-json\/wp\/v2\/comments?post=1060"}],"version-history":[{"count":13,"href":"https:\/\/cintl.org\/fr\/wp-json\/wp\/v2\/pages\/1060\/revisions"}],"predecessor-version":[{"id":12048,"href":"https:\/\/cintl.org\/fr\/wp-json\/wp\/v2\/pages\/1060\/revisions\/12048"}],"up":[{"embeddable":true,"href":"https:\/\/cintl.org\/fr\/wp-json\/wp\/v2\/pages\/2117"}],"wp:attachment":[{"href":"https:\/\/cintl.org\/fr\/wp-json\/wp\/v2\/media?parent=1060"}],"curies":[{"name":"wp","href":"https:\/\/api.w.org\/{rel}","templated":true}]}}