{"id":10256,"date":"2020-10-20T17:57:11","date_gmt":"2020-10-20T21:57:11","guid":{"rendered":"https:\/\/cintl.org\/faites-un-don\/give\/"},"modified":"2024-09-05T14:55:14","modified_gmt":"2024-09-05T18:55:14","slug":"don","status":"publish","type":"page","link":"https:\/\/cintl.org\/fr\/faites-un-don\/don\/","title":{"rendered":"Offrez l\u2019autonomisation en cadeau"},"content":{"rendered":"<div class=\"wpb-content-wrapper\"><p>[vc_row][vc_column][vc_column_text]<\/p>\n<h2 style=\"text-align: center;\">VOTRE DON CHANGE DES VIES<\/h2>\n<p>[\/vc_column_text][vc_column_text]<\/p>\n<p>Votre don jouera un r\u00f4le crucial dans la lutte contre les mariages forc\u00e9s et l&rsquo;acc\u00e8s \u00e0 l&rsquo;\u00e9ducation pour les filles marginalis\u00e9es en Afrique subsaharienne.<\/p>\n<p>Prenons l&rsquo;exemple de Samara : \u00e0 seulement 15 ans, elle a \u00e9t\u00e9 contrainte de se marier, ce qui lui a enlev\u00e9 ses opportunit\u00e9s \u00e9ducatives et son ind\u00e9pendance. Apr\u00e8s avoir courageusement \u00e9chapp\u00e9 \u00e0 cette situation, elle a trouv\u00e9 refuge dans un club d&rsquo;autonomisation des filles de Carrefour International, o\u00f9 elle a acquis des comp\u00e9tences essentielles telles que la fabrication de savon. Cela lui a permis de reprendre en main son avenir et de poursuivre ses r\u00eaves.<\/p>\n<p><img loading=\"lazy\" decoding=\"async\" class=\"aligncenter wp-image-12219 size-large\" src=\"https:\/\/cintl.org\/wp-content\/uploads\/2021\/05\/Schoolgirls-1024x571.png\" alt=\"\" width=\"640\" height=\"357\" srcset=\"https:\/\/cintl.org\/wp-content\/uploads\/2021\/05\/Schoolgirls-1024x571.png 1024w, https:\/\/cintl.org\/wp-content\/uploads\/2021\/05\/Schoolgirls-300x167.png 300w, https:\/\/cintl.org\/wp-content\/uploads\/2021\/05\/Schoolgirls-768x428.png 768w, https:\/\/cintl.org\/wp-content\/uploads\/2021\/05\/Schoolgirls.png 1099w\" sizes=\"(max-width: 640px) 100vw, 640px\" \/><\/p>\n<p>Votre soutien est essentiel pour aider des filles comme Samara \u00e0 se lib\u00e9rer du cycle des mariages forc\u00e9s et \u00e0 obtenir l&rsquo;\u00e9ducation qu&rsquo;elles m\u00e9ritent. Gr\u00e2ce \u00e0 des contributions comme la v\u00f4tre, nous avons d\u00e9j\u00e0 constat\u00e9 des r\u00e9ductions significatives des mariages pr\u00e9coces et des abandons scolaires dans les communaut\u00e9s que nous accompagnons.<\/p>\n<p><strong>Merci de vous tenir \u00e0 nos c\u00f4t\u00e9s dans ce travail crucial.<\/strong><\/p>\n<div id=\"bbox-root\"><\/div>\n<p><script type=\"text\/javascript\">\n       window.bboxInit = function () {\n           bbox.showForm('979aa696-161e-4961-9b95-6e0aa3f0f2e0');\n       };\n       (function () {\n           var e = document.createElement('script'); e.async = true;\n           e.src = 'https:\/\/bbox.blackbaudhosting.com\/webforms\/bbox-min.js';\n           document.getElementsByTagName('head')[0].appendChild(e);\n       } ());\n<\/script>[\/vc_column_text][\/vc_column][\/vc_row]<\/p>\n<\/div>","protected":false},"excerpt":{"rendered":"<p>[vc_row][vc_column][vc_column_text] VOTRE DON CHANGE DES VIES [\/vc_column_text][vc_column_text] Votre don jouera un r\u00f4le crucial dans la lutte contre les mariages forc\u00e9s <\/p>\n<p><a class=\"btn btn-secondary understrap-read-more-link\" href=\"https:\/\/cintl.org\/fr\/faites-un-don\/don\/\">Lire la suite<\/a><\/p>\n","protected":false},"author":43,"featured_media":0,"parent":2117,"menu_order":0,"comment_status":"closed","ping_status":"closed","template":"","meta":{"_acf_changed":false,"footnotes":""},"acf":[],"yoast_head":"<!-- This site is optimized with the Yoast SEO plugin v14.9 - https:\/\/yoast.com\/wordpress\/plugins\/seo\/ -->\n<title>Offrez l\u2019autonomisation en cadeau - Carrefour International<\/title>\n<meta name=\"robots\" content=\"index, follow, max-snippet:-1, max-image-preview:large, max-video-preview:-1\" \/>\n<link rel=\"canonical\" href=\"https:\/\/cintl.org\/fr\/faites-un-don\/don\/\" \/>\n<meta property=\"og:locale\" content=\"fr_FR\" \/>\n<meta property=\"og:type\" content=\"article\" \/>\n<meta property=\"og:title\" content=\"Offrez l\u2019autonomisation en cadeau - Carrefour International\" \/>\n<meta property=\"og:description\" content=\"[vc_row][vc_column][vc_column_text] VOTRE DON CHANGE DES VIES [\/vc_column_text][vc_column_text] Votre don jouera un r\u00f4le crucial dans la lutte contre les mariages forc\u00e9s Lire la suite\" \/>\n<meta property=\"og:url\" content=\"https:\/\/cintl.org\/fr\/faites-un-don\/don\/\" \/>\n<meta property=\"og:site_name\" content=\"Carrefour International\" \/>\n<meta property=\"article:modified_time\" content=\"2024-09-05T18:55:14+00:00\" \/>\n<meta property=\"og:image\" content=\"https:\/\/cintl.org\/wp-content\/uploads\/2021\/05\/Schoolgirls-1024x571.png\" \/>\n<meta name=\"twitter:card\" content=\"summary\" \/>\n<meta name=\"twitter:creator\" content=\"@crossroadsintl\" \/>\n<meta name=\"twitter:site\" content=\"@crossroadsintl\" \/>\n<script type=\"application\/ld+json\" class=\"yoast-schema-graph\">{\"@context\":\"https:\/\/schema.org\",\"@graph\":[{\"@type\":\"Organization\",\"@id\":\"https:\/\/cintl.org\/fr\/#organization\",\"name\":\"Carrefour International\",\"url\":\"https:\/\/cintl.org\/fr\/\",\"sameAs\":[\"https:\/\/twitter.com\/crossroadsintl\"],\"logo\":{\"@type\":\"ImageObject\",\"@id\":\"https:\/\/cintl.org\/fr\/#logo\",\"inLanguage\":\"fr-FR\",\"url\":\"https:\/\/cintl.org\/wp-content\/uploads\/2017\/11\/logo-symbol.png\",\"width\":90,\"height\":89,\"caption\":\"Carrefour International\"},\"image\":{\"@id\":\"https:\/\/cintl.org\/fr\/#logo\"}},{\"@type\":\"WebSite\",\"@id\":\"https:\/\/cintl.org\/fr\/#website\",\"url\":\"https:\/\/cintl.org\/fr\/\",\"name\":\"Carrefour International\",\"description\":\"Just another WordPress site\",\"publisher\":{\"@id\":\"https:\/\/cintl.org\/fr\/#organization\"},\"potentialAction\":[{\"@type\":\"SearchAction\",\"target\":\"https:\/\/cintl.org\/fr\/?s={search_term_string}\",\"query-input\":\"required name=search_term_string\"}],\"inLanguage\":\"fr-FR\"},{\"@type\":\"ImageObject\",\"@id\":\"https:\/\/cintl.org\/fr\/faites-un-don\/don\/#primaryimage\",\"inLanguage\":\"fr-FR\",\"url\":\"https:\/\/cintl.org\/wp-content\/uploads\/2021\/05\/Schoolgirls.png\",\"width\":1099,\"height\":613},{\"@type\":\"WebPage\",\"@id\":\"https:\/\/cintl.org\/fr\/faites-un-don\/don\/#webpage\",\"url\":\"https:\/\/cintl.org\/fr\/faites-un-don\/don\/\",\"name\":\"Offrez l\\u2019autonomisation en cadeau - Carrefour International\",\"isPartOf\":{\"@id\":\"https:\/\/cintl.org\/fr\/#website\"},\"primaryImageOfPage\":{\"@id\":\"https:\/\/cintl.org\/fr\/faites-un-don\/don\/#primaryimage\"},\"datePublished\":\"2020-10-20T21:57:11+00:00\",\"dateModified\":\"2024-09-05T18:55:14+00:00\",\"inLanguage\":\"fr-FR\",\"potentialAction\":[{\"@type\":\"ReadAction\",\"target\":[\"https:\/\/cintl.org\/fr\/faites-un-don\/don\/\"]}]}]}<\/script>\n<!-- \/ Yoast SEO plugin. -->","_links":{"self":[{"href":"https:\/\/cintl.org\/fr\/wp-json\/wp\/v2\/pages\/10256"}],"collection":[{"href":"https:\/\/cintl.org\/fr\/wp-json\/wp\/v2\/pages"}],"about":[{"href":"https:\/\/cintl.org\/fr\/wp-json\/wp\/v2\/types\/page"}],"author":[{"embeddable":true,"href":"https:\/\/cintl.org\/fr\/wp-json\/wp\/v2\/users\/43"}],"replies":[{"embeddable":true,"href":"https:\/\/cintl.org\/fr\/wp-json\/wp\/v2\/comments?post=10256"}],"version-history":[{"count":15,"href":"https:\/\/cintl.org\/fr\/wp-json\/wp\/v2\/pages\/10256\/revisions"}],"predecessor-version":[{"id":17450,"href":"https:\/\/cintl.org\/fr\/wp-json\/wp\/v2\/pages\/10256\/revisions\/17450"}],"up":[{"embeddable":true,"href":"https:\/\/cintl.org\/fr\/wp-json\/wp\/v2\/pages\/2117"}],"wp:attachment":[{"href":"https:\/\/cintl.org\/fr\/wp-json\/wp\/v2\/media?parent=10256"}],"curies":[{"name":"wp","href":"https:\/\/api.w.org\/{rel}","templated":true}]}}